{"id":61388,"date":"2025-02-20T18:03:20","date_gmt":"2025-02-20T18:03:20","guid":{"rendered":"https:\/\/urbex.direct\/?post_type=product&#038;p=61388"},"modified":"2025-02-20T18:26:35","modified_gmt":"2025-02-20T18:26:35","slug":"darmowa-mapa-urbex","status":"publish","type":"product","link":"https:\/\/urbex.direct\/pl\/product\/free-urbex-map\/","title":{"rendered":"Bezp\u0142atna mapa Urbex"},"content":{"rendered":"","protected":false},"excerpt":{"rendered":"<p>Bezp\u0142atna mapa urbex pe\u0142na wsp\u00f3\u0142rz\u0119dnych opuszczonych lokalizacji \ud83c\udfda\ufe0f\ud83d\udd26<\/p>\n<p>Jeste\u015b ciekawy opuszczonych budynk\u00f3w, ukrytych miejsc i urbex\u00f3w? Dzi\u0119ki naszej darmowej mapie urbex poznasz przedsmak przyg\u00f3d, kt\u00f3re na Ciebie czekaj\u0105!<\/p>\n<p>Odkryj wybrane opuszczone lokacje<br \/>\n\u2714 Poznaj jako\u015b\u0107 i \u0142atwo\u015b\u0107 obs\u0142ugi naszej mapy Urbex.<br \/>\nIdealny dla pocz\u0105tkuj\u0105cych urbexer\u00f3w<\/p>\n<p>Chcesz uzyska\u0107 dost\u0119p do ekskluzywnych lokalizacji, bardziej szczeg\u00f3\u0142owych informacji i regularnych aktualizacji? Wypr\u00f3buj nasze inne mapy urbex i przenie\u015b swoje odkrycia na wy\u017cszy poziom!<\/p>","protected":false},"featured_media":61397,"template":"","meta":[],"product_brand":[],"product_cat":[322,1134,1135,1229,1140,1137,1138,1376,1139,1136],"product_tag":[],"class_list":{"0":"post-61388","1":"product","2":"type-product","3":"status-publish","4":"has-post-thumbnail","6":"product_cat-location-packs","7":"product_cat-maps-belgium","8":"product_cat-maps-france","9":"product_cat-maps-germany","10":"product_cat-maps-greece","11":"product_cat-maps-italy","12":"product_cat-maps-luxembourg","13":"product_cat-maps-portugal","14":"product_cat-maps-spain","15":"product_cat-maps-the-netherlands","17":"first","18":"instock","19":"virtual","20":"taxable","21":"purchasable","22":"product-type-simple"},"jetpack_sharing_enabled":true,"_links":{"self":[{"href":"https:\/\/urbex.direct\/pl\/wp-json\/wp\/v2\/product\/61388","targetHints":{"allow":["GET"]}}],"collection":[{"href":"https:\/\/urbex.direct\/pl\/wp-json\/wp\/v2\/product"}],"about":[{"href":"https:\/\/urbex.direct\/pl\/wp-json\/wp\/v2\/types\/product"}],"wp:featuredmedia":[{"embeddable":true,"href":"https:\/\/urbex.direct\/pl\/wp-json\/wp\/v2\/media\/61397"}],"wp:attachment":[{"href":"https:\/\/urbex.direct\/pl\/wp-json\/wp\/v2\/media?parent=61388"}],"wp:term":[{"taxonomy":"product_brand","embeddable":true,"href":"https:\/\/urbex.direct\/pl\/wp-json\/wp\/v2\/product_brand?post=61388"},{"taxonomy":"product_cat","embeddable":true,"href":"https:\/\/urbex.direct\/pl\/wp-json\/wp\/v2\/product_cat?post=61388"},{"taxonomy":"product_tag","embeddable":true,"href":"https:\/\/urbex.direct\/pl\/wp-json\/wp\/v2\/product_tag?post=61388"}],"curies":[{"name":"wp","href":"https:\/\/api.w.org\/{rel}","templated":true}]}}