{"id":61344,"date":"2025-02-23T15:33:00","date_gmt":"2025-02-23T15:33:00","guid":{"rendered":"https:\/\/urbex.direct\/product\/mansion-wallach-dwor-wallach\/"},"modified":"2025-02-22T22:44:42","modified_gmt":"2025-02-22T22:44:42","slug":"mansion-wallach-dwor-wallach","status":"publish","type":"product","link":"https:\/\/urbex.direct\/pl\/product\/mansion-wallach-dwor-wallach\/","title":{"rendered":"Dw\u00f3r Wallach \/ Dw\u00f3r Wallach"},"content":{"rendered":"<p>Wsp\u00f3\u0142rz\u0119dne Urbex<\/p>","protected":false},"excerpt":{"rendered":"<p>Wsp\u00f3\u0142rz\u0119dne Urbex<\/p>","protected":false},"featured_media":61368,"template":"","meta":[],"product_brand":[],"product_cat":[1386,272],"product_tag":[],"class_list":{"0":"post-61344","1":"product","2":"type-product","3":"status-publish","4":"has-post-thumbnail","6":"product_cat-podkarpackie","7":"product_cat-poland","9":"first","10":"instock","11":"downloadable","12":"taxable","13":"shipping-taxable","14":"purchasable","15":"product-type-simple"},"jetpack_sharing_enabled":true,"_links":{"self":[{"href":"https:\/\/urbex.direct\/pl\/wp-json\/wp\/v2\/product\/61344","targetHints":{"allow":["GET"]}}],"collection":[{"href":"https:\/\/urbex.direct\/pl\/wp-json\/wp\/v2\/product"}],"about":[{"href":"https:\/\/urbex.direct\/pl\/wp-json\/wp\/v2\/types\/product"}],"wp:featuredmedia":[{"embeddable":true,"href":"https:\/\/urbex.direct\/pl\/wp-json\/wp\/v2\/media\/61368"}],"wp:attachment":[{"href":"https:\/\/urbex.direct\/pl\/wp-json\/wp\/v2\/media?parent=61344"}],"wp:term":[{"taxonomy":"product_brand","embeddable":true,"href":"https:\/\/urbex.direct\/pl\/wp-json\/wp\/v2\/product_brand?post=61344"},{"taxonomy":"product_cat","embeddable":true,"href":"https:\/\/urbex.direct\/pl\/wp-json\/wp\/v2\/product_cat?post=61344"},{"taxonomy":"product_tag","embeddable":true,"href":"https:\/\/urbex.direct\/pl\/wp-json\/wp\/v2\/product_tag?post=61344"}],"curies":[{"name":"wp","href":"https:\/\/api.w.org\/{rel}","templated":true}]}}