{"id":61335,"date":"2025-02-28T11:15:00","date_gmt":"2025-02-28T11:15:00","guid":{"rendered":"https:\/\/urbex.direct\/product\/beer-factory-fabryka-piwa\/"},"modified":"2025-02-23T14:28:23","modified_gmt":"2025-02-23T14:28:23","slug":"fabryka-piwa-piwa","status":"publish","type":"product","link":"https:\/\/urbex.direct\/pl\/product\/beer-factory-fabryka-piwa\/","title":{"rendered":"Fabryka piwa \/ Fabryka piwa"},"content":{"rendered":"<p>Wsp\u00f3\u0142rz\u0119dne Urbex<\/p>","protected":false},"excerpt":{"rendered":"<p>Wsp\u00f3\u0142rz\u0119dne Urbex<\/p>","protected":false},"featured_media":61334,"template":"","meta":[],"product_brand":[],"product_cat":[1386,272],"product_tag":[],"class_list":{"0":"post-61335","1":"product","2":"type-product","3":"status-publish","4":"has-post-thumbnail","6":"product_cat-podkarpackie","7":"product_cat-poland","9":"first","10":"instock","11":"downloadable","12":"taxable","13":"shipping-taxable","14":"purchasable","15":"product-type-simple"},"jetpack_sharing_enabled":true,"_links":{"self":[{"href":"https:\/\/urbex.direct\/pl\/wp-json\/wp\/v2\/product\/61335","targetHints":{"allow":["GET"]}}],"collection":[{"href":"https:\/\/urbex.direct\/pl\/wp-json\/wp\/v2\/product"}],"about":[{"href":"https:\/\/urbex.direct\/pl\/wp-json\/wp\/v2\/types\/product"}],"wp:featuredmedia":[{"embeddable":true,"href":"https:\/\/urbex.direct\/pl\/wp-json\/wp\/v2\/media\/61334"}],"wp:attachment":[{"href":"https:\/\/urbex.direct\/pl\/wp-json\/wp\/v2\/media?parent=61335"}],"wp:term":[{"taxonomy":"product_brand","embeddable":true,"href":"https:\/\/urbex.direct\/pl\/wp-json\/wp\/v2\/product_brand?post=61335"},{"taxonomy":"product_cat","embeddable":true,"href":"https:\/\/urbex.direct\/pl\/wp-json\/wp\/v2\/product_cat?post=61335"},{"taxonomy":"product_tag","embeddable":true,"href":"https:\/\/urbex.direct\/pl\/wp-json\/wp\/v2\/product_tag?post=61335"}],"curies":[{"name":"wp","href":"https:\/\/api.w.org\/{rel}","templated":true}]}}