{"id":61013,"date":"2025-02-02T11:06:00","date_gmt":"2025-02-02T11:06:00","guid":{"rendered":"https:\/\/urbex.direct\/product\/cimetiere-sur-la-colline-cemetery-on-the-hill\/"},"modified":"2025-01-30T13:19:35","modified_gmt":"2025-01-30T13:19:35","slug":"cimetiere-sur-la-colline-cmentarz-na-wzgorzu","status":"publish","type":"product","link":"https:\/\/urbex.direct\/pl\/product\/cimetiere-sur-la-colline-cemetery-on-the-hill\/","title":{"rendered":"Cimeti\u00e8re sur la colline \/ Cmentarz na wzg\u00f3rzu"},"content":{"rendered":"<p>Wsp\u00f3\u0142rz\u0119dne Urbex<\/p>","protected":false},"excerpt":{"rendered":"<p>Wsp\u00f3\u0142rz\u0119dne Urbex<\/p>","protected":false},"featured_media":61012,"template":"","meta":[],"product_brand":[],"product_cat":[1043,226,231],"product_tag":[],"class_list":{"0":"post-61013","1":"product","2":"type-product","3":"status-publish","4":"has-post-thumbnail","6":"product_cat-bas-rhin-67","7":"product_cat-france","8":"product_cat-grand-est","10":"first","11":"instock","12":"downloadable","13":"taxable","14":"shipping-taxable","15":"purchasable","16":"product-type-simple"},"jetpack_sharing_enabled":true,"_links":{"self":[{"href":"https:\/\/urbex.direct\/pl\/wp-json\/wp\/v2\/product\/61013","targetHints":{"allow":["GET"]}}],"collection":[{"href":"https:\/\/urbex.direct\/pl\/wp-json\/wp\/v2\/product"}],"about":[{"href":"https:\/\/urbex.direct\/pl\/wp-json\/wp\/v2\/types\/product"}],"wp:featuredmedia":[{"embeddable":true,"href":"https:\/\/urbex.direct\/pl\/wp-json\/wp\/v2\/media\/61012"}],"wp:attachment":[{"href":"https:\/\/urbex.direct\/pl\/wp-json\/wp\/v2\/media?parent=61013"}],"wp:term":[{"taxonomy":"product_brand","embeddable":true,"href":"https:\/\/urbex.direct\/pl\/wp-json\/wp\/v2\/product_brand?post=61013"},{"taxonomy":"product_cat","embeddable":true,"href":"https:\/\/urbex.direct\/pl\/wp-json\/wp\/v2\/product_cat?post=61013"},{"taxonomy":"product_tag","embeddable":true,"href":"https:\/\/urbex.direct\/pl\/wp-json\/wp\/v2\/product_tag?post=61013"}],"curies":[{"name":"wp","href":"https:\/\/api.w.org\/{rel}","templated":true}]}}