{"id":60984,"date":"2025-02-12T09:14:00","date_gmt":"2025-02-12T09:14:00","guid":{"rendered":"https:\/\/urbex.direct\/product\/cold-piramid-pool\/"},"modified":"2025-01-30T12:49:01","modified_gmt":"2025-01-30T12:49:01","slug":"basen-z-zimnymi-piramidami","status":"publish","type":"product","link":"https:\/\/urbex.direct\/pl\/product\/cold-piramid-pool\/","title":{"rendered":"Zimny basen Piramid"},"content":{"rendered":"<p>Wsp\u00f3\u0142rz\u0119dne Urbex<\/p>","protected":false},"excerpt":{"rendered":"<p>Wsp\u00f3\u0142rz\u0119dne Urbex<\/p>","protected":false},"featured_media":60983,"template":"","meta":[],"product_brand":[],"product_cat":[294,1398,293],"product_tag":[],"class_list":{"0":"post-60984","1":"product","2":"type-product","3":"status-publish","4":"has-post-thumbnail","6":"product_cat-england","7":"product_cat-south-west","8":"product_cat-united-kingdom","10":"first","11":"instock","12":"downloadable","13":"taxable","14":"shipping-taxable","15":"purchasable","16":"product-type-simple"},"jetpack_sharing_enabled":true,"_links":{"self":[{"href":"https:\/\/urbex.direct\/pl\/wp-json\/wp\/v2\/product\/60984","targetHints":{"allow":["GET"]}}],"collection":[{"href":"https:\/\/urbex.direct\/pl\/wp-json\/wp\/v2\/product"}],"about":[{"href":"https:\/\/urbex.direct\/pl\/wp-json\/wp\/v2\/types\/product"}],"wp:featuredmedia":[{"embeddable":true,"href":"https:\/\/urbex.direct\/pl\/wp-json\/wp\/v2\/media\/60983"}],"wp:attachment":[{"href":"https:\/\/urbex.direct\/pl\/wp-json\/wp\/v2\/media?parent=60984"}],"wp:term":[{"taxonomy":"product_brand","embeddable":true,"href":"https:\/\/urbex.direct\/pl\/wp-json\/wp\/v2\/product_brand?post=60984"},{"taxonomy":"product_cat","embeddable":true,"href":"https:\/\/urbex.direct\/pl\/wp-json\/wp\/v2\/product_cat?post=60984"},{"taxonomy":"product_tag","embeddable":true,"href":"https:\/\/urbex.direct\/pl\/wp-json\/wp\/v2\/product_tag?post=60984"}],"curies":[{"name":"wp","href":"https:\/\/api.w.org\/{rel}","templated":true}]}}