{"id":60934,"date":"2025-02-01T13:27:00","date_gmt":"2025-02-01T13:27:00","guid":{"rendered":"https:\/\/urbex.direct\/product\/camp-nick\/"},"modified":"2025-01-30T13:35:28","modified_gmt":"2025-01-30T13:35:28","slug":"oboz-nick","status":"publish","type":"product","link":"https:\/\/urbex.direct\/pl\/product\/camp-nick\/","title":{"rendered":"Ob\u00f3z Nick"},"content":{"rendered":"<p>Wsp\u00f3\u0142rz\u0119dne Urbex<\/p>","protected":false},"excerpt":{"rendered":"<p>Wsp\u00f3\u0142rz\u0119dne Urbex<\/p>","protected":false},"featured_media":60933,"template":"","meta":[],"product_brand":[],"product_cat":[214,210],"product_tag":[],"class_list":{"0":"post-60934","1":"product","2":"type-product","3":"status-publish","4":"has-post-thumbnail","6":"product_cat-brandenburg-2","7":"product_cat-germany","9":"first","10":"instock","11":"downloadable","12":"taxable","13":"shipping-taxable","14":"purchasable","15":"product-type-simple"},"jetpack_sharing_enabled":true,"_links":{"self":[{"href":"https:\/\/urbex.direct\/pl\/wp-json\/wp\/v2\/product\/60934","targetHints":{"allow":["GET"]}}],"collection":[{"href":"https:\/\/urbex.direct\/pl\/wp-json\/wp\/v2\/product"}],"about":[{"href":"https:\/\/urbex.direct\/pl\/wp-json\/wp\/v2\/types\/product"}],"wp:featuredmedia":[{"embeddable":true,"href":"https:\/\/urbex.direct\/pl\/wp-json\/wp\/v2\/media\/60933"}],"wp:attachment":[{"href":"https:\/\/urbex.direct\/pl\/wp-json\/wp\/v2\/media?parent=60934"}],"wp:term":[{"taxonomy":"product_brand","embeddable":true,"href":"https:\/\/urbex.direct\/pl\/wp-json\/wp\/v2\/product_brand?post=60934"},{"taxonomy":"product_cat","embeddable":true,"href":"https:\/\/urbex.direct\/pl\/wp-json\/wp\/v2\/product_cat?post=60934"},{"taxonomy":"product_tag","embeddable":true,"href":"https:\/\/urbex.direct\/pl\/wp-json\/wp\/v2\/product_tag?post=60934"}],"curies":[{"name":"wp","href":"https:\/\/api.w.org\/{rel}","templated":true}]}}