{"id":60820,"date":"2025-01-26T15:02:00","date_gmt":"2025-01-26T15:02:00","guid":{"rendered":"https:\/\/urbex.direct\/product\/lost-house-of-love\/"},"modified":"2025-01-22T18:52:22","modified_gmt":"2025-01-22T18:52:22","slug":"utracony-dom-milosci","status":"publish","type":"product","link":"https:\/\/urbex.direct\/pl\/product\/lost-house-of-love\/","title":{"rendered":"Zaginiony dom mi\u0142o\u015bci"},"content":{"rendered":"<div class=\"video-container\"><iframe title=\"niesamowity opuszczony dom utraconej mi\u0142o\u015bci - odizolowany na odludziu KOMPLETNA KAPSU\u0141A CZASU\" width=\"1170\" height=\"658\" src=\"https:\/\/www.youtube.com\/embed\/2n4tg6kpi5g?start=1160&#038;feature=oembed\" frameborder=\"0\" allow=\"accelerometer; autoplay; clipboard-write; encrypted-media; gyroscope; picture-in-picture; web-share\" referrerpolicy=\"strict-origin-when-cross-origin\" allowfullscreen><\/iframe><\/div>","protected":false},"excerpt":{"rendered":"","protected":false},"featured_media":60819,"template":"","meta":[],"product_brand":[],"product_cat":[293,296],"product_tag":[],"class_list":{"0":"post-60820","1":"product","2":"type-product","3":"status-publish","4":"has-post-thumbnail","6":"product_cat-united-kingdom","7":"product_cat-wales-2","9":"first","10":"instock","11":"downloadable","12":"taxable","13":"shipping-taxable","14":"purchasable","15":"product-type-simple"},"jetpack_sharing_enabled":true,"_links":{"self":[{"href":"https:\/\/urbex.direct\/pl\/wp-json\/wp\/v2\/product\/60820","targetHints":{"allow":["GET"]}}],"collection":[{"href":"https:\/\/urbex.direct\/pl\/wp-json\/wp\/v2\/product"}],"about":[{"href":"https:\/\/urbex.direct\/pl\/wp-json\/wp\/v2\/types\/product"}],"wp:featuredmedia":[{"embeddable":true,"href":"https:\/\/urbex.direct\/pl\/wp-json\/wp\/v2\/media\/60819"}],"wp:attachment":[{"href":"https:\/\/urbex.direct\/pl\/wp-json\/wp\/v2\/media?parent=60820"}],"wp:term":[{"taxonomy":"product_brand","embeddable":true,"href":"https:\/\/urbex.direct\/pl\/wp-json\/wp\/v2\/product_brand?post=60820"},{"taxonomy":"product_cat","embeddable":true,"href":"https:\/\/urbex.direct\/pl\/wp-json\/wp\/v2\/product_cat?post=60820"},{"taxonomy":"product_tag","embeddable":true,"href":"https:\/\/urbex.direct\/pl\/wp-json\/wp\/v2\/product_tag?post=60820"}],"curies":[{"name":"wp","href":"https:\/\/api.w.org\/{rel}","templated":true}]}}