{"id":60706,"date":"2025-01-19T11:58:00","date_gmt":"2025-01-19T11:58:00","guid":{"rendered":"https:\/\/urbex.direct\/product\/the-watermill-factory-la-fabrica-de-molinos-de-agua\/"},"modified":"2025-01-16T18:29:23","modified_gmt":"2025-01-16T18:29:23","slug":"the-watermill-factory-la-fabrica-de-molinos-de-agua","status":"publish","type":"product","link":"https:\/\/urbex.direct\/pl\/product\/the-watermill-factory-la-fabrica-de-molinos-de-agua\/","title":{"rendered":"Fabryka m\u0142yn\u00f3w wodnych \/ La f\u00e1brica de molinos de agua"},"content":{"rendered":"<p>Wsp\u00f3\u0142rz\u0119dne Urbex<\/p>","protected":false},"excerpt":{"rendered":"<p>Wsp\u00f3\u0142rz\u0119dne Urbex<\/p>","protected":false},"featured_media":60705,"template":"","meta":[],"product_brand":[],"product_cat":[319,282],"product_tag":[],"class_list":{"0":"post-60706","1":"product","2":"type-product","3":"status-publish","4":"has-post-thumbnail","6":"product_cat-galicia","7":"product_cat-spain","9":"first","10":"instock","11":"downloadable","12":"taxable","13":"shipping-taxable","14":"purchasable","15":"product-type-simple"},"jetpack_sharing_enabled":true,"_links":{"self":[{"href":"https:\/\/urbex.direct\/pl\/wp-json\/wp\/v2\/product\/60706","targetHints":{"allow":["GET"]}}],"collection":[{"href":"https:\/\/urbex.direct\/pl\/wp-json\/wp\/v2\/product"}],"about":[{"href":"https:\/\/urbex.direct\/pl\/wp-json\/wp\/v2\/types\/product"}],"wp:featuredmedia":[{"embeddable":true,"href":"https:\/\/urbex.direct\/pl\/wp-json\/wp\/v2\/media\/60705"}],"wp:attachment":[{"href":"https:\/\/urbex.direct\/pl\/wp-json\/wp\/v2\/media?parent=60706"}],"wp:term":[{"taxonomy":"product_brand","embeddable":true,"href":"https:\/\/urbex.direct\/pl\/wp-json\/wp\/v2\/product_brand?post=60706"},{"taxonomy":"product_cat","embeddable":true,"href":"https:\/\/urbex.direct\/pl\/wp-json\/wp\/v2\/product_cat?post=60706"},{"taxonomy":"product_tag","embeddable":true,"href":"https:\/\/urbex.direct\/pl\/wp-json\/wp\/v2\/product_tag?post=60706"}],"curies":[{"name":"wp","href":"https:\/\/api.w.org\/{rel}","templated":true}]}}