{"id":60701,"date":"2025-01-16T17:39:35","date_gmt":"2025-01-16T17:39:35","guid":{"rendered":"https:\/\/urbex.direct\/product\/cemetary-of-the-insane-2\/"},"modified":"2026-04-10T21:43:53","modified_gmt":"2026-04-10T20:43:53","slug":"cmentarz-oblakanych-2","status":"publish","type":"product","link":"https:\/\/urbex.direct\/pl\/product\/cemetary-of-the-insane-2\/","title":{"rendered":"Cmentarz ob\u0142\u0105kanych 2"},"content":{"rendered":"<p>Wsp\u00f3\u0142rz\u0119dne Urbex<\/p>","protected":false},"excerpt":{"rendered":"<p>Wsp\u00f3\u0142rz\u0119dne Urbex<\/p>","protected":false},"featured_media":60700,"template":"","meta":[],"product_brand":[],"product_cat":[260,259],"product_tag":[],"class_list":{"0":"post-60701","1":"product","2":"type-product","3":"status-publish","4":"has-post-thumbnail","6":"product_cat-drenthe-2","7":"product_cat-the-netherlands","9":"first","10":"instock","11":"downloadable","12":"taxable","13":"shipping-taxable","14":"purchasable","15":"product-type-simple"},"jetpack_sharing_enabled":true,"_links":{"self":[{"href":"https:\/\/urbex.direct\/pl\/wp-json\/wp\/v2\/product\/60701","targetHints":{"allow":["GET"]}}],"collection":[{"href":"https:\/\/urbex.direct\/pl\/wp-json\/wp\/v2\/product"}],"about":[{"href":"https:\/\/urbex.direct\/pl\/wp-json\/wp\/v2\/types\/product"}],"wp:featuredmedia":[{"embeddable":true,"href":"https:\/\/urbex.direct\/pl\/wp-json\/wp\/v2\/media\/60700"}],"wp:attachment":[{"href":"https:\/\/urbex.direct\/pl\/wp-json\/wp\/v2\/media?parent=60701"}],"wp:term":[{"taxonomy":"product_brand","embeddable":true,"href":"https:\/\/urbex.direct\/pl\/wp-json\/wp\/v2\/product_brand?post=60701"},{"taxonomy":"product_cat","embeddable":true,"href":"https:\/\/urbex.direct\/pl\/wp-json\/wp\/v2\/product_cat?post=60701"},{"taxonomy":"product_tag","embeddable":true,"href":"https:\/\/urbex.direct\/pl\/wp-json\/wp\/v2\/product_tag?post=60701"}],"curies":[{"name":"wp","href":"https:\/\/api.w.org\/{rel}","templated":true}]}}