{"id":60663,"date":"2025-01-16T11:27:00","date_gmt":"2025-01-16T11:27:00","guid":{"rendered":"https:\/\/urbex.direct\/product\/rudzie-palace\/"},"modified":"2025-01-15T21:01:40","modified_gmt":"2025-01-15T21:01:40","slug":"rudzie-palace","status":"publish","type":"product","link":"https:\/\/urbex.direct\/pl\/product\/rudzie-palace\/","title":{"rendered":"Pa\u0142ac Rudzie"},"content":{"rendered":"<p>Wsp\u00f3\u0142rz\u0119dne Urbex<\/p>","protected":false},"excerpt":{"rendered":"<p>Wsp\u00f3\u0142rz\u0119dne Urbex<\/p>","protected":false},"featured_media":60683,"template":"","meta":[],"product_brand":[],"product_cat":[334,272],"product_tag":[],"class_list":{"0":"post-60663","1":"product","2":"type-product","3":"status-publish","4":"has-post-thumbnail","6":"product_cat-lodz","7":"product_cat-poland","9":"first","10":"instock","11":"downloadable","12":"taxable","13":"shipping-taxable","14":"purchasable","15":"product-type-simple"},"jetpack_sharing_enabled":true,"_links":{"self":[{"href":"https:\/\/urbex.direct\/pl\/wp-json\/wp\/v2\/product\/60663","targetHints":{"allow":["GET"]}}],"collection":[{"href":"https:\/\/urbex.direct\/pl\/wp-json\/wp\/v2\/product"}],"about":[{"href":"https:\/\/urbex.direct\/pl\/wp-json\/wp\/v2\/types\/product"}],"wp:featuredmedia":[{"embeddable":true,"href":"https:\/\/urbex.direct\/pl\/wp-json\/wp\/v2\/media\/60683"}],"wp:attachment":[{"href":"https:\/\/urbex.direct\/pl\/wp-json\/wp\/v2\/media?parent=60663"}],"wp:term":[{"taxonomy":"product_brand","embeddable":true,"href":"https:\/\/urbex.direct\/pl\/wp-json\/wp\/v2\/product_brand?post=60663"},{"taxonomy":"product_cat","embeddable":true,"href":"https:\/\/urbex.direct\/pl\/wp-json\/wp\/v2\/product_cat?post=60663"},{"taxonomy":"product_tag","embeddable":true,"href":"https:\/\/urbex.direct\/pl\/wp-json\/wp\/v2\/product_tag?post=60663"}],"curies":[{"name":"wp","href":"https:\/\/api.w.org\/{rel}","templated":true}]}}