{"id":60647,"date":"2025-01-13T18:57:08","date_gmt":"2025-01-13T18:57:08","guid":{"rendered":"https:\/\/urbex.direct\/product\/deer-house\/"},"modified":"2025-05-18T23:29:24","modified_gmt":"2025-05-18T22:29:24","slug":"dom-jelenia","status":"publish","type":"product","link":"https:\/\/urbex.direct\/pl\/product\/deer-house\/","title":{"rendered":"Deer House"},"content":{"rendered":"<p>Wsp\u00f3\u0142rz\u0119dne Urbex<\/p>","protected":false},"excerpt":{"rendered":"<p>Wsp\u00f3\u0142rz\u0119dne Urbex<\/p>","protected":false},"featured_media":0,"template":"","meta":[],"product_brand":[],"product_cat":[197,207],"product_tag":[],"class_list":{"0":"post-60647","1":"product","2":"type-product","3":"status-publish","5":"product_cat-belgium","6":"product_cat-west-flanders","8":"first","9":"instock","10":"downloadable","11":"taxable","12":"shipping-taxable","13":"purchasable","14":"product-type-simple"},"jetpack_sharing_enabled":true,"_links":{"self":[{"href":"https:\/\/urbex.direct\/pl\/wp-json\/wp\/v2\/product\/60647","targetHints":{"allow":["GET"]}}],"collection":[{"href":"https:\/\/urbex.direct\/pl\/wp-json\/wp\/v2\/product"}],"about":[{"href":"https:\/\/urbex.direct\/pl\/wp-json\/wp\/v2\/types\/product"}],"wp:attachment":[{"href":"https:\/\/urbex.direct\/pl\/wp-json\/wp\/v2\/media?parent=60647"}],"wp:term":[{"taxonomy":"product_brand","embeddable":true,"href":"https:\/\/urbex.direct\/pl\/wp-json\/wp\/v2\/product_brand?post=60647"},{"taxonomy":"product_cat","embeddable":true,"href":"https:\/\/urbex.direct\/pl\/wp-json\/wp\/v2\/product_cat?post=60647"},{"taxonomy":"product_tag","embeddable":true,"href":"https:\/\/urbex.direct\/pl\/wp-json\/wp\/v2\/product_tag?post=60647"}],"curies":[{"name":"wp","href":"https:\/\/api.w.org\/{rel}","templated":true}]}}