{"id":60555,"date":"2025-01-13T11:22:00","date_gmt":"2025-01-13T11:22:00","guid":{"rendered":"https:\/\/urbex.direct\/product\/abandoned-olive-village-pueblo-de-olivos-abandonado\/"},"modified":"2025-01-09T21:08:13","modified_gmt":"2025-01-09T21:08:13","slug":"opuszczona-wioska-oliwna-pueblo-de-olivos-abandonado","status":"publish","type":"product","link":"https:\/\/urbex.direct\/pl\/product\/abandoned-olive-village-pueblo-de-olivos-abandonado\/","title":{"rendered":"Opuszczona wioska oliwna \/ Pueblo de olivos abandonado"},"content":{"rendered":"<p>Wsp\u00f3\u0142rz\u0119dne Urbex<\/p>","protected":false},"excerpt":{"rendered":"<p>Wsp\u00f3\u0142rz\u0119dne Urbex<\/p>","protected":false},"featured_media":60554,"template":"","meta":[],"product_brand":[],"product_cat":[283,282],"product_tag":[],"class_list":{"0":"post-60555","1":"product","2":"type-product","3":"status-publish","4":"has-post-thumbnail","6":"product_cat-andalucia","7":"product_cat-spain","9":"first","10":"instock","11":"downloadable","12":"taxable","13":"shipping-taxable","14":"purchasable","15":"product-type-simple"},"jetpack_sharing_enabled":true,"_links":{"self":[{"href":"https:\/\/urbex.direct\/pl\/wp-json\/wp\/v2\/product\/60555","targetHints":{"allow":["GET"]}}],"collection":[{"href":"https:\/\/urbex.direct\/pl\/wp-json\/wp\/v2\/product"}],"about":[{"href":"https:\/\/urbex.direct\/pl\/wp-json\/wp\/v2\/types\/product"}],"wp:featuredmedia":[{"embeddable":true,"href":"https:\/\/urbex.direct\/pl\/wp-json\/wp\/v2\/media\/60554"}],"wp:attachment":[{"href":"https:\/\/urbex.direct\/pl\/wp-json\/wp\/v2\/media?parent=60555"}],"wp:term":[{"taxonomy":"product_brand","embeddable":true,"href":"https:\/\/urbex.direct\/pl\/wp-json\/wp\/v2\/product_brand?post=60555"},{"taxonomy":"product_cat","embeddable":true,"href":"https:\/\/urbex.direct\/pl\/wp-json\/wp\/v2\/product_cat?post=60555"},{"taxonomy":"product_tag","embeddable":true,"href":"https:\/\/urbex.direct\/pl\/wp-json\/wp\/v2\/product_tag?post=60555"}],"curies":[{"name":"wp","href":"https:\/\/api.w.org\/{rel}","templated":true}]}}