{"id":60482,"date":"2025-01-09T13:35:29","date_gmt":"2025-01-09T13:35:29","guid":{"rendered":"https:\/\/urbex.direct\/product\/fritz-krankenhaus\/"},"modified":"2025-06-01T20:24:20","modified_gmt":"2025-06-01T19:24:20","slug":"fritz-krankenhaus","status":"publish","type":"product","link":"https:\/\/urbex.direct\/pl\/product\/fritz-krankenhaus\/","title":{"rendered":"Fritz Krankenhaus"},"content":{"rendered":"<p>Wsp\u00f3\u0142rz\u0119dne Urbex<\/p>","protected":false},"excerpt":{"rendered":"<p>Wsp\u00f3\u0142rz\u0119dne Urbex<\/p>","protected":false},"featured_media":60481,"template":"","meta":[],"product_brand":[],"product_cat":[212,210],"product_tag":[],"class_list":{"0":"post-60482","1":"product","2":"type-product","3":"status-publish","4":"has-post-thumbnail","6":"product_cat-bavaria","7":"product_cat-germany","9":"first","10":"instock","11":"downloadable","12":"taxable","13":"shipping-taxable","14":"purchasable","15":"product-type-simple"},"jetpack_sharing_enabled":true,"_links":{"self":[{"href":"https:\/\/urbex.direct\/pl\/wp-json\/wp\/v2\/product\/60482","targetHints":{"allow":["GET"]}}],"collection":[{"href":"https:\/\/urbex.direct\/pl\/wp-json\/wp\/v2\/product"}],"about":[{"href":"https:\/\/urbex.direct\/pl\/wp-json\/wp\/v2\/types\/product"}],"wp:featuredmedia":[{"embeddable":true,"href":"https:\/\/urbex.direct\/pl\/wp-json\/wp\/v2\/media\/60481"}],"wp:attachment":[{"href":"https:\/\/urbex.direct\/pl\/wp-json\/wp\/v2\/media?parent=60482"}],"wp:term":[{"taxonomy":"product_brand","embeddable":true,"href":"https:\/\/urbex.direct\/pl\/wp-json\/wp\/v2\/product_brand?post=60482"},{"taxonomy":"product_cat","embeddable":true,"href":"https:\/\/urbex.direct\/pl\/wp-json\/wp\/v2\/product_cat?post=60482"},{"taxonomy":"product_tag","embeddable":true,"href":"https:\/\/urbex.direct\/pl\/wp-json\/wp\/v2\/product_tag?post=60482"}],"curies":[{"name":"wp","href":"https:\/\/api.w.org\/{rel}","templated":true}]}}