{"id":60330,"date":"2024-12-30T11:30:58","date_gmt":"2024-12-30T11:30:58","guid":{"rendered":"https:\/\/urbex.direct\/?post_type=product&#038;p=60330"},"modified":"2025-05-27T20:14:57","modified_gmt":"2025-05-27T19:14:57","slug":"urbex-map-spain-wszystkie-regiony-1-rok-dostepu","status":"publish","type":"product","link":"https:\/\/urbex.direct\/pl\/product\/urbex-map-spain-all-regions-1-year-access\/","title":{"rendered":"Urbex Map Spain Wszystkie regiony (1 rok lub 2 dost\u0119py)"},"content":{"rendered":"<p>Mapa zawiera nast\u0119puj\u0105ce lokalizacje: <ul><li>Casa del M\u00e9dico<\/li><li>Bunkeranlage<\/li><li>Hotel Miramar<\/li><li>Olivera Villa<\/li><li>Klub nocny Lapsus<\/li><li>Mas Carles<\/li><li>Castillo Jov\u00e9<\/li><li>C-65 Restauracja \/ Resto R<\/li><li>Castillo Torre<\/li><li>Fabryka Tytoniu<\/li><li>Preventorio Sabinosa<\/li><li>Karting<\/li><li>Hotel Les Ferreses<\/li><li>Celeste Palace<\/li><li>Balneario Termas la Puda<\/li><li>Colonia Cementera<\/li><li>El pueblo del Japon\u00e9s \/ Japo\u0144skie miasto<\/li><li>Baza wojskowa Loran<\/li><li>Puti Club de Carretera<\/li><li>Plaza de Toros<\/li><li>Fabrica AP<\/li><li>Hostal del Gato Momificado<\/li><li>Masia del Soldado<\/li><li>Ruina Can Busquets<\/li><li>Gasolinera A<\/li><li>Samochody w kamufla\u017cu naturalnym \/ Camouflaged Cars<\/li><li>Hotel Panik<\/li><li>Mansion de los Ciervos<\/li><li>Villa Josefa<\/li><li>Casa Lila<\/li><li>La mansi\u00f3n del Crimen<\/li><li>El Moli Vell<\/li><li>Antiguo Matadero Tordera<\/li><li>Castillo Mas Rissech<\/li><li>Masia de las Fantas<\/li><li>Rezydencja 100-lecia<\/li><li>Teneria Moderna Franco Espa\u00f1ola<\/li><li>El desv\u00e1n del Artista<\/li><li>Mansion del Conde<\/li><li>Porzucone osiedle<\/li><li>Textil La Blava<\/li><li>Club Nautico<\/li><li>Radio Liberty<\/li><li>Mansion de la Mariona<\/li><li>El \u00e1tico de las sillas<\/li><li>Aquapark Sitges<\/li><li>Cementera de la Gran Cupula<\/li><li>Estaci\u00f3n de Vallcarca<\/li><li>Discoteca Central<\/li><li>Ciudad de los Muchachos<\/li><li>Fabrica de Harina Gualda<\/li><li>Chalet de la rata Muerta<\/li><li>Colonia Textil<\/li><li>Lost Village A<\/li><li>Casa del Piano<\/li><li>Casa Carro Blanco<\/li><li>Colonia Minera<\/li><li>Iglesia Perfecto<\/li><li>Citroen 2cv<\/li><li>Masia Numero 20<\/li><li>Masia del 1817<\/li><li>Mansi\u00f3n con estanque<\/li><li>Mutua Abandonada<\/li><li>Piscinas con Futbolin<\/li><li>Masia de las Monedas<\/li><li>La fabrica de los Cartuchos<\/li><li>Mansi\u00f3n de Anabelle<\/li><li>Discoteca Pach\u00e1<\/li><li>Piscinas Canad\u00e1 Park<\/li><li>Posiad\u0142o\u015b\u0107 szczur\u00f3w \u015bmierci<\/li><li>Masia de los Templarios<\/li><li>Urbanizaci\u00f3n Abandonada<\/li><li>Masia 1909<\/li><li>Hotel de los horrores<\/li><li>Hotel Prost\u00edbulo<\/li><li>Chiringuito de la Piscina<\/li><li>Polideportivo con piscina<\/li><li>Les Bunes<\/li><li>Ma\u0142y blok pisos<\/li><li>Rezydencja i casa de los criados<\/li><li>Casa de los espectros<\/li><li>Cuarteles<\/li><li>Rezydencja z dyskotek\u0105<\/li><li>Discoteca P<\/li><li>Casa de el Torero<\/li><li>Corbera de l'Ebre<\/li><li>Campo de golf<\/li><li>Fabrica Abandonada<\/li><li>Mansi\u00f3n C\u00fapula<\/li><li>Fabrica EC<\/li><li>Castillo Abuelo<\/li><li>Pueblo abandonado M<\/li><li>Discoteca LV<\/li><li>Carruajes<\/li><li>Hangar Coches Lekar<\/li><li>Porzucone fabryki<\/li><li>Pueblo Abandonado NT<\/li><li>Restaurante Arrasado<\/li><li>Estacion de ferreses<\/li><li>Fabrica de Tejidos<\/li><li>Casa de molino abandonada<\/li><li>Mas\u00eda Palomas<\/li><li>Fabryka maszyn drukarskich<\/li><li>Casa Gioconda<\/li><li>Gran Hotel de la A<\/li><li>Chalet del Acantilado<\/li><li>Hotel Abandonado<\/li><li>La casa Fantasma<\/li><li>Restaurante El Gran Ca\u00f1on<\/li><li>Restauracja bankietowa<\/li><li>Discoteca Tutan<\/li><li>Torre del Fang<\/li><li>Masia mo\u017ce g\u0142osowa\u0107<\/li><li>Font Pirine<\/li><li>Harinera F.O.R.<\/li><li>Masia del Vendedor<\/li><li>Colonia La Farinera<\/li><li>Mas\u00eda La Vall<\/li><li>Masia Castellnou de la Plana<\/li><li>Posiad\u0142o\u015b\u0107 samob\u00f3jc\u00f3w \/ El Tint<\/li><li>Poblado SR<\/li><li>Masia Decay<\/li><li>Masia Losing Zorrillo<\/li><li>Masia Camas Voladorad<\/li><li>Ermita<\/li><li>Mini Falangista<\/li><li>Disco MF<\/li><li>Teatre Bel<\/li><li>F\u00e1brica + Balneario<\/li><li>Mas\u00eda y Capilla Blanca<\/li><li>Fabrica de ladrillo<\/li><li>Fabrica Ortopedia<\/li><li>F\u00e1brica de Embutidos<\/li><li>Fabrica Quimicos<\/li><li>EL Pueblo Conejo<\/li><li>Geriatrico del Olvido<\/li><li>Fabrica Intorfrisa<\/li><li>Fabrica Siniestra<\/li><li>F\u00e1brica Textil<\/li><li>Hotel playa<\/li><li>Fabrica Textil Abandonada<\/li><li>Restaurante \/ Mas\u00eda abandonado<\/li><li>Discoteca Petada<\/li><li>Mas Lost Village<\/li><li>Colonia Soldevilla<\/li><li>Kabaret las Aguilas<\/li><li>Fabrica del plazon<\/li><li>Escuela del se\u00f1or Antonio<\/li><li>La fabrica de la Grua<\/li><li>Discoteca Arcus<\/li><li>Discoteca H<\/li><li>Villa del 1949<\/li><li>Fabrica Textil Doble<\/li><li>Fabrica del Coche<\/li><li>Fabrica piso Unico<\/li><li>Hospital del Carmen<\/li><li>Fabrica quimica el Peligro<\/li><li>Hostal Solitario<\/li><li>Fabrica de las Variedades<\/li><li>Fabrica ladrillos Premium<\/li><li>Hotel Cabaret<\/li><li>Polvor\u00edn<\/li><li>Fabrica Metalera<\/li><li>Piso con fitness<\/li><li>Peque\u00f1a casa de Monta\u00f1a<\/li><li>Masia del noble<\/li><li>Masia de la serpiente<\/li><li>Granja historica<\/li><li>3 Cazas - MIG<\/li><li>La casa del viento<\/li><li>Autocares Abandonados \/ Taller<\/li><li>Masia de las Verduras<\/li><li>Masia Murcielagos<\/li><li>Piscina abandonada i canchas de tenis<\/li><li>Hermita Tumbas Abandonadas<\/li><li>Mansion Urbex<\/li><li>Masias Gurb<\/li><li>Colonia Textil + Casas<\/li><li>Masias Oris<\/li><li>Masia Voltrega<\/li><li>Viviendas Colonia<\/li><li>Masia Hermita<\/li><li>Masia Salort<\/li><li>Masia de las Ollas<\/li><li>Finca La Porxada<\/li><li>Centralna Termica<\/li><li>Antigue Casa Bodega<\/li><li>Masia Barriles<\/li><li>Casas de los comisarios<\/li><li>Taller Motos Clasicas<\/li><li>Casa de las cristaleras<\/li><li>Casa de los gatos<\/li><li>Biof\u00e1brica<\/li><li>Castillo moderno<\/li><li>Can Rosis<\/li><li>Can Sol<\/li><li>La mas\u00eda del cuchillo<\/li><li>Fabrica pl\u00e1sticos del incidente<\/li><li>Hotel del Fallecido<\/li><li>Viviendas Oscuras<\/li><li>Carruaje abandonado<\/li><li>Orfanato Intacto<\/li><li>Tuneladora Metro<\/li><li>Cementerio Real Abanadonado<\/li><li>Centro Tuberculosos<\/li><li>Hibernadero Abandonado<\/li><li>Colonia Textil H<\/li><li>Campo Golf Abandonado<\/li><li>Casa de los senyores montgros<\/li><li>Casa de los abuelos<\/li><li>Piscina P<\/li><li>Casas de viejos trabajadores<\/li><li>Niesamowita willa<\/li><li>Monasterio H<\/li><li>Lost Theme Park T<\/li><li>Szpital opuszczony<\/li><li>Rze\u017ania w Kordobie \/ Matadero de C\u00f3rdoba<\/li><li>Convento LS<\/li><li>Poci\u0105gi g\u00f3rskie<\/li><li>Ghost Town Pagan<\/li><li>Convento Bajan<\/li><li>La granja milagrosa<\/li><li>Finca IBA<\/li><li>Gloria desvanecida<\/li><li>Ma\u0142a wie\u017ca zamkowa<\/li><li>La industria perdida<\/li><li>Mega Mansi\u00f3n Inacabada<\/li><li>Opuszczona wioska oliwna \/ Pueblo de olivos abandonado<\/li><li>Cementera Abandonada \/ Fabryka Tima Burtona<\/li><li>Tren Carcas \/ Poci\u0105g Carcas<\/li><li>Hall of Abyss<\/li><li>Talleres de minas \/ Warsztaty g\u00f3rnicze<\/li><li>La mina del director \/ Kopalnia re\u017cysera<\/li><li>Ko\u015bci\u00f3\u0142 Cortijo<\/li><li>Mina de oro \/ Kopalnia z\u0142ota<\/li><li>Disco Aqua<\/li><li>Hotel Triton<\/li><li>Aer\u00f3dromo de monta\u00f1a \/ G\u00f3rskie lotnisko<\/li><li>Esco Lost Village<\/li><li>Elektrownia A<\/li><li>Fabrica Aragon<\/li><li>Zuper Hotel<\/li><li>Ode Hotel<\/li><li>Maison Pino<\/li><li>Fabrica Juan<\/li><li>Maison Renco<\/li><li>Castillo de F<\/li><li>San Marco Lost Village<\/li><li>Los Planos Lost Village<\/li><li>San Miguel Lost Village<\/li><li>Lost Village L<\/li><li>Yesa Lost Village<\/li><li>Fabrica De Oro Y Plata<\/li><li>Balneario Jiloca<\/li><li>Fabrica de Jabones<\/li><li>Bano Del Rey<\/li><li>Casa Dueno Fabrica Oro y Plata<\/li><li>Cajas de Vichy<\/li><li>Mansion de la Carretera<\/li><li>Polideportivo<\/li><li>Casa cubierta de maleza<\/li><li>La asombrosa ruina \/ Niesamowita ruina<\/li><li>La Casa del Pilar \/ Dom Pilar<\/li><li>Fabrica de Porcelana<\/li><li>Complejo Residencial<\/li><li>Ba\u00f1o Japonesa \/ Japo\u0144ska \u0142azienka Maison Heaven<\/li><li>Antiguo UCA Asturias<\/li><li>La antigua piscifactor\u00eda<\/li><li>Sanatorio rojo y amarillo \/ Sanatorium czerwone i \u017c\u00f3\u0142te<\/li><li>Casa Templaria<\/li><li>La aldea de los gnomos<\/li><li>La aldea de los gnomos 2<\/li><li>G\u0142\u0119boka ciemno\u015b\u0107<\/li><li>Fort Calvi\u00e0<\/li><li>Hotel Vallgornera<\/li><li>Nova Valldemossa<\/li><li>Palace Alcudia<\/li><li>Fabrika Zagal<\/li><li>Mission Space<\/li><li>Fort Disco<\/li><li>Niedoko\u0144czone apartamenty<\/li><li>Restauracja TX \/ Restauracja Cesar<\/li><li>Torre de Otxate<\/li><li>El Caballo Perdido<\/li><li>Granja Quemada<\/li><li>Elektrownia j\u0105drowa L<\/li><li>Colegio intacto<\/li><li>Manoir S<\/li><li>Maison Persienne<\/li><li>Ma\u0142y Zamek<\/li><li>Casa pais vasco<\/li><li>Torre del Pajarito \/ Bird Tower Maison<\/li><li>Bodega del eco<\/li><li>Stara antena satelitarna<\/li><li>La Iglesia del Sanatorio de Abades<\/li><li>Hotel Anjaza \/ Hotel Y<\/li><li>Hotel Fajana \/ Hotel Neptun<\/li><li>Hacienda<\/li><li>Iglesia Levator<\/li><li>Hotel Azu<\/li><li>\u0141\u00f3d\u017a BT<\/li><li>Lost Dam<\/li><li>Lost Village LF<\/li><li>Lost Dam 2<\/li><li>Hotel Skeleton<\/li><li>Fortepiany Manoir Santos<\/li><li>Villacreces Town<\/li><li>Ko\u015bci\u00f3\u0142 La Fuente<\/li><li>F\u00e1brica de Az\u00facar<\/li><li>F\u00e1brica Harinas<\/li><li>Piramide Italiana<\/li><li>Sanatorio de V<\/li><li>Colonia infantil General Varela<\/li><li>Laboratorium fotograficzne<\/li><li>F\u00e1brica S<\/li><li>Casa de los criados<\/li><li>Fabrica de Papel<\/li><li>Maison La Botica<\/li><li>\u00c9cole Regina Pacis<\/li><li>Celda 211<\/li><li>The Painters Mansion<\/li><li>Molino fantasma<\/li><li>Stacja benzynowa duch\u00f3w<\/li><li>Club Jen<\/li><li>F\u00e1brica derrumbada \/ Upad\u0142a fabryka<\/li><li>La estaci\u00f3n fantasma<\/li><li>nast\u0119puj\u0105ca cz\u0119\u015b\u0107<\/li><li>Granja solitaria \/ Samotna farma<\/li><li>La gasolinera de la vieja escuela \/ Oldschoolowa stacja benzynowa<\/li><li>Kopalnia w\u0119gla i \u017celaza \/ La mina de carb\u00f3n y hierro<\/li><li>Koszary w lesie \/ Los cuarteles en el bosque<\/li><li>Ghost Town C<\/li><li>F\u00e1brica de arbustos \/ Fabryka krzew\u00f3w<\/li><li>La mina de la muerte \/ Kopalnia \u015bmierci<\/li><li>La mina de la muerte \/ Kopalnia \u015bmierci 2<\/li><li>La mina de la muerte \/ Kopalnia \u015bmierci 3<\/li><li>Ghost Town Villar<\/li><li>Wielka maszyna g\u00f3rnicza \/ La gran m\u00e1quina minera<\/li><li>Opuszczona kopalnia<\/li><li>Hotel nad wod\u0105 \/ Hotel en el agua<\/li><li>Magiczna wioska graniczna \/ El Pueblo M\u00e1gico de la Frontera<\/li><li>Casa Estaban<\/li><li>The Mining Age of Tungston 1<\/li><li>The Mining Age of Tungston 2<\/li><li>F\u00e1brica KK<\/li><li>Klub K<\/li><li>\u0141adowanie w\u0119gla<\/li><li>Stara fabryka minera\u0142\u00f3w<\/li><li>Kopalnia Szmaragdu<\/li><li>Hotel Milenial<\/li><li>Casa El Campillo<\/li><li>Deadly Detour<\/li><li>Convento de la Florida<\/li><li>Casa Di Aduala<\/li><li>F\u00e1brica de la naturaleza<\/li><li>Estaci\u00f3n sin v\u00eda<\/li><li>Zagubiony na zawsze\/ Perdido para sempre<\/li><li>Sanatorio de Oza<\/li><li>Casas B<\/li><li>La boite de las mil Vidrieras \/ Macrodiscoteca la Vidriera<\/li><li>Ciudad del Circo<\/li><li>Castello Grido<\/li><li>La F\u00e1brica en la playa 1<\/li><li>La F\u00e1brica en la playa 2<\/li><li>Zak\u0142ad ceramiczny Ramon \/ Planta de Cer\u00e1mica Ramon<\/li><li>Maison Moldy Piano \/ Maison Gestapo<\/li><li>Dom starych samochod\u00f3w \/ Casa de coches antiguos<\/li><li>Fabryka m\u0142yn\u00f3w wodnych \/ La f\u00e1brica de molinos de agua<\/li><li>Stary o\u015brodek wypoczynkowy \/ El viejo complejo<\/li><li>Miasto duch\u00f3w SV \/ Ciudad fantasma SV<\/li><li>Dom z okiennicami \/ Casa de persianas<\/li><li>Casa de la arboleda<\/li><li>Casa Boen<\/li><li>Casa Veranda<\/li><li>Casa Bell<\/li><li>La gran prision<\/li><li>F\u00e1brica de ata\u00fades<\/li><li>Sztuka ceramiki<\/li><li>Baterie nadmorskie \/ Baterie nadmorskie<\/li><li>SS Graffity Base \/ Base de graffiti SS<\/li><li>Firma piekarnicza \/ Compa\u00f1\u00eda de panader\u00eda<\/li><li>The Plant House \/ La casa de las plantas<\/li><li>Posiad\u0142o\u015b\u0107 Aldea \/ Mansi\u00f3n Aldea<\/li><li>Maison Blink \/ Casa Blink<\/li><li>Fabryka basen\u00f3w \/ F\u00e1brica de piscinas<\/li><li>Dom wegetacji \/ La casa de la vegetaci\u00f3n<\/li><li>Ma\u0142y domek \/ La casita<\/li><li>Farma Moniki \/ Granja M\u00f3nica<\/li><li>Barandilla de la casa \/ Maison Guardrail<\/li><li>La Rioja Lost Village<\/li><li>Discoteca a\u00f1os 70-80s \/ Isla Club<\/li><li>Bodegas Breton<\/li><li>Restaurante de bodas<\/li><li>Club de Alterne<\/li><li>Capilla del 1879<\/li><li>Seminario de los Padres Escolapios<\/li><li>El pueblo del vino<\/li><li>Chalet moderno<\/li><li>Sanatorio de la Marina<\/li><li>Palacio Pio<\/li><li>Convento de los graffitis<\/li><li>Estacion las infantas<\/li><li>El Alamin<\/li><li>Cuartel militar abandonado<\/li><li>Park Aragon<\/li><li>Pawilony dla je\u017ad\u017ac\u00f3w<\/li><li>Szpital Onkologiczny<\/li><li>Casa de las sillas<\/li><li>Casa del soldado<\/li><li>Grande Teatro Abandonado<\/li><li>Mansi\u00f3n \u00e1rabe<\/li><li>Szpital S<\/li><li>Residencia de Ancianos<\/li><li>Casa de juegos de mesa<\/li><li>Casa 13<\/li><li>Niesamowita willa \/ La villa asombrosa<\/li><li>Swimpool M<\/li><li>Maza Mine<\/li><li>War Cannons<\/li><li>Workers Church<\/li><li>Mafia mineral wash house<\/li><li>Kopalnia gor\u0105czki z\u0142ota<\/li><li>Dystopijne pozosta\u0142o\u015bci kopalni<\/li><li>Hotel Consul<\/li><li>Mroczny rynek<\/li><li>The Old Priest Ruin<\/li><li>Aso Castle<\/li><li>Ghost Town All<\/li><li>Collapsed Olive Farm<\/li><li>Ruiny Fabryki Broni<\/li><li>Fort wojenny<\/li><li>Lost Train Station C<\/li><li>Aserradero<\/li><li>Hotel H<\/li><li>Bidony Fabrica<\/li><li>Tienda de muestras<\/li><li>Psiquiatrico de Cheste<\/li><li>Mas Blau<\/li><li>Preventorio Aguas de Busot<\/li><li>Fabryka lalek porcelanowych<\/li><li>Colonia de S E<\/li><li>Palacete Modernista<\/li><li>Balneario<\/li><li>Centrale Termica<\/li><li>Antigua Fabrica de Conservas<\/li><li>Villa Pepito<\/li><li>Polvorin Turia<\/li><li>Antigua Cementera<\/li><li>Discoteca 80's<\/li><li>Fabrica de Papel<\/li><li>Dw\u00f3r 1878<\/li><li>Palacio Arabe \/ Pa\u0142ac Arabski<\/li><li>Hotel de Hormig\u00f3n<\/li><li>Maison Doctor<\/li><li>Opuszczony szpital Leprosos<\/li><\/ul><\/p>","protected":false},"excerpt":{"rendered":"<p>Ta mapa urbex zawiera wszystkie lokalizacje eksploracji miejskiej (urbex) w<strong> Hiszpania, Wszystkie regiony. <\/strong>Ta mapa zagubionych miejsc b\u0119dzie aktualizowana i dost\u0119pna przez co najmniej 365 dni od zakupu. <\/p>\n<p>This map has currently 455 of the most unique urban exploring locations in Spain: Catalonia and is accessible from anywhere with our easy to use map<strong>. <\/p>\n<p><\/strong><strong>Je\u015bli posiadasz ju\u017c ten pakiet, mo\u017cesz uzyska\u0107 do niego dost\u0119p poprzez <a href=\"\/pl\/moje-konto\/obszar-czlonkowski\/43905\/zawartosc-mojego-czlonkostwa\/\">Moje mapy &gt; Widok.<\/a><\/strong> <a href=\"#tab-description\">Lista wszystkich lokalizacji Urbex na tej mapie.<\/a><\/p>","protected":false},"featured_media":60548,"template":"","meta":[],"product_brand":[],"product_cat":[322,1139,282],"product_tag":[],"class_list":{"0":"post-60330","1":"product","2":"type-product","3":"status-publish","4":"has-post-thumbnail","6":"product_cat-location-packs","7":"product_cat-maps-spain","8":"product_cat-spain","10":"first","11":"instock","12":"taxable","13":"shipping-taxable","14":"purchasable","15":"product-type-variable"},"jetpack_sharing_enabled":true,"_links":{"self":[{"href":"https:\/\/urbex.direct\/pl\/wp-json\/wp\/v2\/product\/60330","targetHints":{"allow":["GET"]}}],"collection":[{"href":"https:\/\/urbex.direct\/pl\/wp-json\/wp\/v2\/product"}],"about":[{"href":"https:\/\/urbex.direct\/pl\/wp-json\/wp\/v2\/types\/product"}],"wp:featuredmedia":[{"embeddable":true,"href":"https:\/\/urbex.direct\/pl\/wp-json\/wp\/v2\/media\/60548"}],"wp:attachment":[{"href":"https:\/\/urbex.direct\/pl\/wp-json\/wp\/v2\/media?parent=60330"}],"wp:term":[{"taxonomy":"product_brand","embeddable":true,"href":"https:\/\/urbex.direct\/pl\/wp-json\/wp\/v2\/product_brand?post=60330"},{"taxonomy":"product_cat","embeddable":true,"href":"https:\/\/urbex.direct\/pl\/wp-json\/wp\/v2\/product_cat?post=60330"},{"taxonomy":"product_tag","embeddable":true,"href":"https:\/\/urbex.direct\/pl\/wp-json\/wp\/v2\/product_tag?post=60330"}],"curies":[{"name":"wp","href":"https:\/\/api.w.org\/{rel}","templated":true}]}}