{"id":60325,"date":"2024-12-29T14:19:21","date_gmt":"2024-12-29T14:19:21","guid":{"rendered":"https:\/\/urbex.direct\/product\/mansion-del-doctor\/"},"modified":"2024-12-29T14:20:33","modified_gmt":"2024-12-29T14:20:33","slug":"mansion-del-doctor","status":"publish","type":"product","link":"https:\/\/urbex.direct\/pl\/product\/mansion-del-doctor\/","title":{"rendered":"Mansion del doctor"},"content":{"rendered":"<p>Wsp\u00f3\u0142rz\u0119dne Urbex<\/p>","protected":false},"excerpt":{"rendered":"<p>Wsp\u00f3\u0142rz\u0119dne Urbex<\/p>","protected":false},"featured_media":60324,"template":"","meta":[],"product_brand":[],"product_cat":[319,282],"product_tag":[],"class_list":{"0":"post-60325","1":"product","2":"type-product","3":"status-publish","4":"has-post-thumbnail","6":"product_cat-galicia","7":"product_cat-spain","9":"first","10":"instock","11":"downloadable","12":"taxable","13":"shipping-taxable","14":"purchasable","15":"product-type-simple"},"jetpack_sharing_enabled":true,"_links":{"self":[{"href":"https:\/\/urbex.direct\/pl\/wp-json\/wp\/v2\/product\/60325","targetHints":{"allow":["GET"]}}],"collection":[{"href":"https:\/\/urbex.direct\/pl\/wp-json\/wp\/v2\/product"}],"about":[{"href":"https:\/\/urbex.direct\/pl\/wp-json\/wp\/v2\/types\/product"}],"wp:featuredmedia":[{"embeddable":true,"href":"https:\/\/urbex.direct\/pl\/wp-json\/wp\/v2\/media\/60324"}],"wp:attachment":[{"href":"https:\/\/urbex.direct\/pl\/wp-json\/wp\/v2\/media?parent=60325"}],"wp:term":[{"taxonomy":"product_brand","embeddable":true,"href":"https:\/\/urbex.direct\/pl\/wp-json\/wp\/v2\/product_brand?post=60325"},{"taxonomy":"product_cat","embeddable":true,"href":"https:\/\/urbex.direct\/pl\/wp-json\/wp\/v2\/product_cat?post=60325"},{"taxonomy":"product_tag","embeddable":true,"href":"https:\/\/urbex.direct\/pl\/wp-json\/wp\/v2\/product_tag?post=60325"}],"curies":[{"name":"wp","href":"https:\/\/api.w.org\/{rel}","templated":true}]}}