{"id":60140,"date":"2024-12-18T15:43:00","date_gmt":"2024-12-18T15:43:00","guid":{"rendered":"https:\/\/urbex.direct\/product\/la-aldea-de-los-gnomos-2\/"},"modified":"2024-12-17T17:46:41","modified_gmt":"2024-12-17T17:46:41","slug":"la-aldea-de-los-gnomos-2","status":"publish","type":"product","link":"https:\/\/urbex.direct\/pl\/product\/la-aldea-de-los-gnomos-2\/","title":{"rendered":"La aldea de los gnomos 2"},"content":{"rendered":"<p>Wsp\u00f3\u0142rz\u0119dne Urbex<\/p>","protected":false},"excerpt":{"rendered":"<p>Wsp\u00f3\u0142rz\u0119dne Urbex<\/p>","protected":false},"featured_media":60139,"template":"","meta":[],"product_brand":[],"product_cat":[803,282],"product_tag":[],"class_list":{"0":"post-60140","1":"product","2":"type-product","3":"status-publish","4":"has-post-thumbnail","6":"product_cat-asturias","7":"product_cat-spain","9":"first","10":"instock","11":"downloadable","12":"taxable","13":"shipping-taxable","14":"purchasable","15":"product-type-simple"},"jetpack_sharing_enabled":true,"_links":{"self":[{"href":"https:\/\/urbex.direct\/pl\/wp-json\/wp\/v2\/product\/60140","targetHints":{"allow":["GET"]}}],"collection":[{"href":"https:\/\/urbex.direct\/pl\/wp-json\/wp\/v2\/product"}],"about":[{"href":"https:\/\/urbex.direct\/pl\/wp-json\/wp\/v2\/types\/product"}],"wp:featuredmedia":[{"embeddable":true,"href":"https:\/\/urbex.direct\/pl\/wp-json\/wp\/v2\/media\/60139"}],"wp:attachment":[{"href":"https:\/\/urbex.direct\/pl\/wp-json\/wp\/v2\/media?parent=60140"}],"wp:term":[{"taxonomy":"product_brand","embeddable":true,"href":"https:\/\/urbex.direct\/pl\/wp-json\/wp\/v2\/product_brand?post=60140"},{"taxonomy":"product_cat","embeddable":true,"href":"https:\/\/urbex.direct\/pl\/wp-json\/wp\/v2\/product_cat?post=60140"},{"taxonomy":"product_tag","embeddable":true,"href":"https:\/\/urbex.direct\/pl\/wp-json\/wp\/v2\/product_tag?post=60140"}],"curies":[{"name":"wp","href":"https:\/\/api.w.org\/{rel}","templated":true}]}}