{"id":59847,"date":"2024-12-02T09:48:00","date_gmt":"2024-12-02T09:48:00","guid":{"rendered":"https:\/\/urbex.direct\/product\/la-fabbrica-delle-arance\/"},"modified":"2024-11-30T18:04:56","modified_gmt":"2024-11-30T18:04:56","slug":"la-fabbrica-delle-arance","status":"publish","type":"product","link":"https:\/\/urbex.direct\/pl\/product\/la-fabbrica-delle-arance\/","title":{"rendered":"La fabbrica delle arance"},"content":{"rendered":"<p>Wsp\u00f3\u0142rz\u0119dne Urbex<\/p>","protected":false},"excerpt":{"rendered":"<p>Wsp\u00f3\u0142rz\u0119dne Urbex<\/p>","protected":false},"featured_media":59846,"template":"","meta":[],"product_brand":[],"product_cat":[1356,243],"product_tag":[],"class_list":{"0":"post-59847","1":"product","2":"type-product","3":"status-publish","4":"has-post-thumbnail","6":"product_cat-calabria","7":"product_cat-italy","9":"first","10":"instock","11":"downloadable","12":"taxable","13":"shipping-taxable","14":"purchasable","15":"product-type-simple"},"jetpack_sharing_enabled":true,"_links":{"self":[{"href":"https:\/\/urbex.direct\/pl\/wp-json\/wp\/v2\/product\/59847","targetHints":{"allow":["GET"]}}],"collection":[{"href":"https:\/\/urbex.direct\/pl\/wp-json\/wp\/v2\/product"}],"about":[{"href":"https:\/\/urbex.direct\/pl\/wp-json\/wp\/v2\/types\/product"}],"wp:featuredmedia":[{"embeddable":true,"href":"https:\/\/urbex.direct\/pl\/wp-json\/wp\/v2\/media\/59846"}],"wp:attachment":[{"href":"https:\/\/urbex.direct\/pl\/wp-json\/wp\/v2\/media?parent=59847"}],"wp:term":[{"taxonomy":"product_brand","embeddable":true,"href":"https:\/\/urbex.direct\/pl\/wp-json\/wp\/v2\/product_brand?post=59847"},{"taxonomy":"product_cat","embeddable":true,"href":"https:\/\/urbex.direct\/pl\/wp-json\/wp\/v2\/product_cat?post=59847"},{"taxonomy":"product_tag","embeddable":true,"href":"https:\/\/urbex.direct\/pl\/wp-json\/wp\/v2\/product_tag?post=59847"}],"curies":[{"name":"wp","href":"https:\/\/api.w.org\/{rel}","templated":true}]}}