{"id":59582,"date":"2024-11-15T13:56:00","date_gmt":"2024-11-15T13:56:00","guid":{"rendered":"https:\/\/urbex.direct\/product\/a-fabrica-no-rio-the-factory-on-the-river\/"},"modified":"2024-11-12T20:26:32","modified_gmt":"2024-11-12T20:26:32","slug":"a-fabrica-no-rio-the-factory-on-the-river","status":"publish","type":"product","link":"https:\/\/urbex.direct\/pl\/product\/a-fabrica-no-rio-the-factory-on-the-river\/","title":{"rendered":"A f\u00e1brica no rio \/ Fabryka na rzece"},"content":{"rendered":"<p>Wsp\u00f3\u0142rz\u0119dne Urbex<\/p>","protected":false},"excerpt":{"rendered":"<p>Wsp\u00f3\u0142rz\u0119dne Urbex<\/p>","protected":false},"featured_media":59581,"template":"","meta":[],"product_brand":[],"product_cat":[331,325],"product_tag":[],"class_list":{"0":"post-59582","1":"product","2":"type-product","3":"status-publish","4":"has-post-thumbnail","6":"product_cat-lisbon","7":"product_cat-portugal","9":"first","10":"instock","11":"downloadable","12":"taxable","13":"shipping-taxable","14":"purchasable","15":"product-type-simple"},"jetpack_sharing_enabled":true,"_links":{"self":[{"href":"https:\/\/urbex.direct\/pl\/wp-json\/wp\/v2\/product\/59582","targetHints":{"allow":["GET"]}}],"collection":[{"href":"https:\/\/urbex.direct\/pl\/wp-json\/wp\/v2\/product"}],"about":[{"href":"https:\/\/urbex.direct\/pl\/wp-json\/wp\/v2\/types\/product"}],"wp:featuredmedia":[{"embeddable":true,"href":"https:\/\/urbex.direct\/pl\/wp-json\/wp\/v2\/media\/59581"}],"wp:attachment":[{"href":"https:\/\/urbex.direct\/pl\/wp-json\/wp\/v2\/media?parent=59582"}],"wp:term":[{"taxonomy":"product_brand","embeddable":true,"href":"https:\/\/urbex.direct\/pl\/wp-json\/wp\/v2\/product_brand?post=59582"},{"taxonomy":"product_cat","embeddable":true,"href":"https:\/\/urbex.direct\/pl\/wp-json\/wp\/v2\/product_cat?post=59582"},{"taxonomy":"product_tag","embeddable":true,"href":"https:\/\/urbex.direct\/pl\/wp-json\/wp\/v2\/product_tag?post=59582"}],"curies":[{"name":"wp","href":"https:\/\/api.w.org\/{rel}","templated":true}]}}