{"id":58472,"date":"2024-09-15T15:22:00","date_gmt":"2024-09-15T14:22:00","guid":{"rendered":"https:\/\/urbex.direct\/product\/green-roof-castle\/"},"modified":"2024-09-12T20:52:28","modified_gmt":"2024-09-12T19:52:28","slug":"zamek-z-zielonym-dachem","status":"publish","type":"product","link":"https:\/\/urbex.direct\/pl\/product\/green-roof-castle\/","title":{"rendered":"Zamek z zielonym dachem"},"content":{"rendered":"<p>Wsp\u00f3\u0142rz\u0119dne Urbex<\/p>","protected":false},"excerpt":{"rendered":"<p>Wsp\u00f3\u0142rz\u0119dne Urbex<\/p>","protected":false},"featured_media":58471,"template":"","meta":[],"product_brand":[],"product_cat":[242,1379],"product_tag":[],"class_list":{"0":"post-58472","1":"product","2":"type-product","3":"status-publish","4":"has-post-thumbnail","6":"product_cat-ireland","7":"product_cat-tipperary","9":"first","10":"instock","11":"downloadable","12":"taxable","13":"shipping-taxable","14":"purchasable","15":"product-type-simple"},"jetpack_sharing_enabled":true,"_links":{"self":[{"href":"https:\/\/urbex.direct\/pl\/wp-json\/wp\/v2\/product\/58472","targetHints":{"allow":["GET"]}}],"collection":[{"href":"https:\/\/urbex.direct\/pl\/wp-json\/wp\/v2\/product"}],"about":[{"href":"https:\/\/urbex.direct\/pl\/wp-json\/wp\/v2\/types\/product"}],"wp:featuredmedia":[{"embeddable":true,"href":"https:\/\/urbex.direct\/pl\/wp-json\/wp\/v2\/media\/58471"}],"wp:attachment":[{"href":"https:\/\/urbex.direct\/pl\/wp-json\/wp\/v2\/media?parent=58472"}],"wp:term":[{"taxonomy":"product_brand","embeddable":true,"href":"https:\/\/urbex.direct\/pl\/wp-json\/wp\/v2\/product_brand?post=58472"},{"taxonomy":"product_cat","embeddable":true,"href":"https:\/\/urbex.direct\/pl\/wp-json\/wp\/v2\/product_cat?post=58472"},{"taxonomy":"product_tag","embeddable":true,"href":"https:\/\/urbex.direct\/pl\/wp-json\/wp\/v2\/product_tag?post=58472"}],"curies":[{"name":"wp","href":"https:\/\/api.w.org\/{rel}","templated":true}]}}