{"id":58391,"date":"2024-09-24T09:02:00","date_gmt":"2024-09-24T08:02:00","guid":{"rendered":"https:\/\/urbex.direct\/product\/the-castle-remains-on-the-cliff\/"},"modified":"2024-09-09T20:13:45","modified_gmt":"2024-09-09T19:13:45","slug":"zamek-pozostaje-na-klifie","status":"publish","type":"product","link":"https:\/\/urbex.direct\/pl\/product\/the-castle-remains-on-the-cliff\/","title":{"rendered":"Pozosta\u0142o\u015bci zamku na klifie"},"content":{"rendered":"<p>Wsp\u00f3\u0142rz\u0119dne Urbex<\/p>","protected":false},"excerpt":{"rendered":"<p>Wsp\u00f3\u0142rz\u0119dne Urbex<\/p>","protected":false},"featured_media":58390,"template":"","meta":[],"product_brand":[],"product_cat":[1375,242],"product_tag":[],"class_list":{"0":"post-58391","1":"product","2":"type-product","3":"status-publish","4":"has-post-thumbnail","6":"product_cat-donegal","7":"product_cat-ireland","9":"first","10":"instock","11":"downloadable","12":"taxable","13":"shipping-taxable","14":"purchasable","15":"product-type-simple"},"jetpack_sharing_enabled":true,"_links":{"self":[{"href":"https:\/\/urbex.direct\/pl\/wp-json\/wp\/v2\/product\/58391","targetHints":{"allow":["GET"]}}],"collection":[{"href":"https:\/\/urbex.direct\/pl\/wp-json\/wp\/v2\/product"}],"about":[{"href":"https:\/\/urbex.direct\/pl\/wp-json\/wp\/v2\/types\/product"}],"wp:featuredmedia":[{"embeddable":true,"href":"https:\/\/urbex.direct\/pl\/wp-json\/wp\/v2\/media\/58390"}],"wp:attachment":[{"href":"https:\/\/urbex.direct\/pl\/wp-json\/wp\/v2\/media?parent=58391"}],"wp:term":[{"taxonomy":"product_brand","embeddable":true,"href":"https:\/\/urbex.direct\/pl\/wp-json\/wp\/v2\/product_brand?post=58391"},{"taxonomy":"product_cat","embeddable":true,"href":"https:\/\/urbex.direct\/pl\/wp-json\/wp\/v2\/product_cat?post=58391"},{"taxonomy":"product_tag","embeddable":true,"href":"https:\/\/urbex.direct\/pl\/wp-json\/wp\/v2\/product_tag?post=58391"}],"curies":[{"name":"wp","href":"https:\/\/api.w.org\/{rel}","templated":true}]}}