{"id":58339,"date":"2024-09-11T17:40:00","date_gmt":"2024-09-11T16:40:00","guid":{"rendered":"https:\/\/urbex.direct\/product\/weak-farm\/"},"modified":"2024-09-08T13:21:24","modified_gmt":"2024-09-08T12:21:24","slug":"slaba-farma","status":"publish","type":"product","link":"https:\/\/urbex.direct\/pl\/product\/weak-farm\/","title":{"rendered":"S\u0142aba farma"},"content":{"rendered":"<p>Wsp\u00f3\u0142rz\u0119dne Urbex<\/p>","protected":false},"excerpt":{"rendered":"<p>Wsp\u00f3\u0142rz\u0119dne Urbex<\/p>","protected":false},"featured_media":58338,"template":"","meta":[],"product_brand":[],"product_cat":[242,1373],"product_tag":[],"class_list":{"0":"post-58339","1":"product","2":"type-product","3":"status-publish","4":"has-post-thumbnail","6":"product_cat-ireland","7":"product_cat-waterford","9":"first","10":"instock","11":"downloadable","12":"taxable","13":"shipping-taxable","14":"purchasable","15":"product-type-simple"},"jetpack_sharing_enabled":true,"_links":{"self":[{"href":"https:\/\/urbex.direct\/pl\/wp-json\/wp\/v2\/product\/58339","targetHints":{"allow":["GET"]}}],"collection":[{"href":"https:\/\/urbex.direct\/pl\/wp-json\/wp\/v2\/product"}],"about":[{"href":"https:\/\/urbex.direct\/pl\/wp-json\/wp\/v2\/types\/product"}],"wp:featuredmedia":[{"embeddable":true,"href":"https:\/\/urbex.direct\/pl\/wp-json\/wp\/v2\/media\/58338"}],"wp:attachment":[{"href":"https:\/\/urbex.direct\/pl\/wp-json\/wp\/v2\/media?parent=58339"}],"wp:term":[{"taxonomy":"product_brand","embeddable":true,"href":"https:\/\/urbex.direct\/pl\/wp-json\/wp\/v2\/product_brand?post=58339"},{"taxonomy":"product_cat","embeddable":true,"href":"https:\/\/urbex.direct\/pl\/wp-json\/wp\/v2\/product_cat?post=58339"},{"taxonomy":"product_tag","embeddable":true,"href":"https:\/\/urbex.direct\/pl\/wp-json\/wp\/v2\/product_tag?post=58339"}],"curies":[{"name":"wp","href":"https:\/\/api.w.org\/{rel}","templated":true}]}}