{"id":58240,"date":"2024-09-13T09:54:00","date_gmt":"2024-09-13T08:54:00","guid":{"rendered":"https:\/\/urbex.direct\/product\/lost-demolition-budget\/"},"modified":"2024-09-09T20:09:48","modified_gmt":"2024-09-09T19:09:48","slug":"lost-demolition-budget","status":"publish","type":"product","link":"https:\/\/urbex.direct\/pl\/product\/lost-demolition-budget\/","title":{"rendered":"Utracony bud\u017cet na rozbi\u00f3rk\u0119"},"content":{"rendered":"","protected":false},"excerpt":{"rendered":"","protected":false},"featured_media":58239,"template":"","meta":[],"product_brand":[],"product_cat":[482,325],"product_tag":[],"class_list":{"0":"post-58240","1":"product","2":"type-product","3":"status-publish","4":"has-post-thumbnail","6":"product_cat-braga","7":"product_cat-portugal","9":"first","10":"instock","11":"downloadable","12":"taxable","13":"shipping-taxable","14":"purchasable","15":"product-type-simple"},"jetpack_sharing_enabled":true,"_links":{"self":[{"href":"https:\/\/urbex.direct\/pl\/wp-json\/wp\/v2\/product\/58240","targetHints":{"allow":["GET"]}}],"collection":[{"href":"https:\/\/urbex.direct\/pl\/wp-json\/wp\/v2\/product"}],"about":[{"href":"https:\/\/urbex.direct\/pl\/wp-json\/wp\/v2\/types\/product"}],"wp:featuredmedia":[{"embeddable":true,"href":"https:\/\/urbex.direct\/pl\/wp-json\/wp\/v2\/media\/58239"}],"wp:attachment":[{"href":"https:\/\/urbex.direct\/pl\/wp-json\/wp\/v2\/media?parent=58240"}],"wp:term":[{"taxonomy":"product_brand","embeddable":true,"href":"https:\/\/urbex.direct\/pl\/wp-json\/wp\/v2\/product_brand?post=58240"},{"taxonomy":"product_cat","embeddable":true,"href":"https:\/\/urbex.direct\/pl\/wp-json\/wp\/v2\/product_cat?post=58240"},{"taxonomy":"product_tag","embeddable":true,"href":"https:\/\/urbex.direct\/pl\/wp-json\/wp\/v2\/product_tag?post=58240"}],"curies":[{"name":"wp","href":"https:\/\/api.w.org\/{rel}","templated":true}]}}