{"id":58186,"date":"2024-09-05T17:45:00","date_gmt":"2024-09-05T16:45:00","guid":{"rendered":"https:\/\/urbex.direct\/product\/overgrown-camping-roc\/"},"modified":"2024-09-04T21:02:27","modified_gmt":"2024-09-04T20:02:27","slug":"zarosnieta-droga-kempingowa","status":"publish","type":"product","link":"https:\/\/urbex.direct\/pl\/product\/overgrown-camping-roc\/","title":{"rendered":"Zaro\u015bni\u0119ty Camping Roc"},"content":{"rendered":"<p>Wsp\u00f3\u0142rz\u0119dne Urbex<\/p>","protected":false},"excerpt":{"rendered":"<p>Wsp\u00f3\u0142rz\u0119dne Urbex<\/p>","protected":false},"featured_media":58185,"template":"","meta":[],"product_brand":[],"product_cat":[847,1031,226],"product_tag":[],"class_list":{"0":"post-58186","1":"product","2":"type-product","3":"status-publish","4":"has-post-thumbnail","6":"product_cat-corsica","7":"product_cat-corse-du-sud-2a","8":"product_cat-france","10":"first","11":"instock","12":"downloadable","13":"taxable","14":"shipping-taxable","15":"purchasable","16":"product-type-simple"},"jetpack_sharing_enabled":true,"_links":{"self":[{"href":"https:\/\/urbex.direct\/pl\/wp-json\/wp\/v2\/product\/58186","targetHints":{"allow":["GET"]}}],"collection":[{"href":"https:\/\/urbex.direct\/pl\/wp-json\/wp\/v2\/product"}],"about":[{"href":"https:\/\/urbex.direct\/pl\/wp-json\/wp\/v2\/types\/product"}],"wp:featuredmedia":[{"embeddable":true,"href":"https:\/\/urbex.direct\/pl\/wp-json\/wp\/v2\/media\/58185"}],"wp:attachment":[{"href":"https:\/\/urbex.direct\/pl\/wp-json\/wp\/v2\/media?parent=58186"}],"wp:term":[{"taxonomy":"product_brand","embeddable":true,"href":"https:\/\/urbex.direct\/pl\/wp-json\/wp\/v2\/product_brand?post=58186"},{"taxonomy":"product_cat","embeddable":true,"href":"https:\/\/urbex.direct\/pl\/wp-json\/wp\/v2\/product_cat?post=58186"},{"taxonomy":"product_tag","embeddable":true,"href":"https:\/\/urbex.direct\/pl\/wp-json\/wp\/v2\/product_tag?post=58186"}],"curies":[{"name":"wp","href":"https:\/\/api.w.org\/{rel}","templated":true}]}}