{"id":57934,"date":"2024-08-22T11:14:00","date_gmt":"2024-08-22T10:14:00","guid":{"rendered":"https:\/\/urbex.direct\/product\/ruines-du-bunker-dans-les-dunes\/"},"modified":"2024-08-20T15:55:24","modified_gmt":"2024-08-20T14:55:24","slug":"ruiny-bunkra-na-wydmach","status":"publish","type":"product","link":"https:\/\/urbex.direct\/pl\/product\/ruines-du-bunker-dans-les-dunes\/","title":{"rendered":"Ruiny bunkra na wydmach"},"content":{"rendered":"<p>Wsp\u00f3\u0142rz\u0119dne Urbex<\/p>","protected":false},"excerpt":{"rendered":"<p>Wsp\u00f3\u0142rz\u0119dne Urbex<\/p>","protected":false},"featured_media":57933,"template":"","meta":[],"product_brand":[],"product_cat":[1085,226,236],"product_tag":[],"class_list":{"0":"post-57934","1":"product","2":"type-product","3":"status-publish","4":"has-post-thumbnail","6":"product_cat-aude-11","7":"product_cat-france","8":"product_cat-occitanie","10":"first","11":"instock","12":"downloadable","13":"taxable","14":"shipping-taxable","15":"purchasable","16":"product-type-simple"},"jetpack_sharing_enabled":true,"_links":{"self":[{"href":"https:\/\/urbex.direct\/pl\/wp-json\/wp\/v2\/product\/57934","targetHints":{"allow":["GET"]}}],"collection":[{"href":"https:\/\/urbex.direct\/pl\/wp-json\/wp\/v2\/product"}],"about":[{"href":"https:\/\/urbex.direct\/pl\/wp-json\/wp\/v2\/types\/product"}],"wp:featuredmedia":[{"embeddable":true,"href":"https:\/\/urbex.direct\/pl\/wp-json\/wp\/v2\/media\/57933"}],"wp:attachment":[{"href":"https:\/\/urbex.direct\/pl\/wp-json\/wp\/v2\/media?parent=57934"}],"wp:term":[{"taxonomy":"product_brand","embeddable":true,"href":"https:\/\/urbex.direct\/pl\/wp-json\/wp\/v2\/product_brand?post=57934"},{"taxonomy":"product_cat","embeddable":true,"href":"https:\/\/urbex.direct\/pl\/wp-json\/wp\/v2\/product_cat?post=57934"},{"taxonomy":"product_tag","embeddable":true,"href":"https:\/\/urbex.direct\/pl\/wp-json\/wp\/v2\/product_tag?post=57934"}],"curies":[{"name":"wp","href":"https:\/\/api.w.org\/{rel}","templated":true}]}}