{"id":57761,"date":"2024-08-10T16:09:22","date_gmt":"2024-08-10T15:09:22","guid":{"rendered":"https:\/\/urbex.direct\/?post_type=product&#038;p=57761"},"modified":"2024-08-10T16:18:31","modified_gmt":"2024-08-10T15:18:31","slug":"urbex-map-france-grand-est-meurthe-et-moselle-54-1-year-access","status":"publish","type":"product","link":"https:\/\/urbex.direct\/pl\/product\/urbex-map-france-grand-est-meurthe-et-moselle-54-1-year-access\/","title":{"rendered":"Urbex Mapa Francja, Grand Est: Meurthe-et-Moselle (54) (roczny dost\u0119p)"},"content":{"rendered":"<p>Mapa zawiera nast\u0119puj\u0105ce lokalizacje:<\/p>\n\n\n<ul><li>Ch\u00e2teau Ravinel<\/li><li>Sanatorium Simone Weber<\/li><li>Bunkier Cr<\/li><li>Usine Scaf Oner 2.0<\/li><li>Pneus et cendres<\/li><li>Restauracja Chino<\/li><li>Maison Gonzalez<\/li><li>Maison HangMan<\/li><li>Usine air liquide<\/li><li>Torba Maison<\/li><li>Maison Houpelle<\/li><li>Kuchenka Maison<\/li><li>Maison du sculpteur<\/li><li>Maison Casper<\/li><li>Maison Turquoise<\/li><li>Maison Binouze<\/li><li>Rozbity Fort B<\/li><li>Du\u017ce Koszary Pokoju<\/li><li>Le mauvais chenil<\/li><li>Upad\u0142y wielki piec \/ HFC<\/li><li>Zaro\u015bni\u0119te biuro<\/li><li>Usine pluvieuse \/ Usine Rainy<\/li><li>Manoir du m\u00e9galomane<\/li><li>Fort de Frouard<\/li><li>Usine de Min\u00e9raux<\/li><li>Usine Gouvy<\/li><li>Maison Crocker<\/li><li>Crappy Farm<\/li><li>Fabryka papieru<\/li><\/ul>","protected":false},"excerpt":{"rendered":"<p>Ta mapa urbex zawiera wszystkie lokalizacje eksploracji miejskiej (urbex) w<strong> Francja, <\/strong><strong>Grand Est<\/strong><strong>: Meurthe-et-Moselle (54).<\/strong> Ta mapa zagubionych miejsc b\u0119dzie aktualizowana i dost\u0119pna przez co najmniej 365 dni od zakupu. <\/p>\n<p>Ta mapa zawiera obecnie 29 najbardziej wyj\u0105tkowych miejsc do zwiedzania we Francji, Grand Est: Meurthe-et-Moselle (54) i jest dost\u0119pna z dowolnego miejsca dzi\u0119ki naszej \u0142atwej w u\u017cyciu mapie<strong>.<\/strong> <\/p>\n<p><strong>Je\u015bli posiadasz ju\u017c ten pakiet, mo\u017cesz uzyska\u0107 do niego dost\u0119p poprzez <a href=\"\/pl\/moje-konto\/obszar-czlonkowski\/43905\/zawartosc-mojego-czlonkostwa\/\">Moje mapy &gt; Widok.<\/a> <\/p>\n<p><a href=\"#tab-description\">Lista wszystkich lokalizacji Urbex na tej mapie.<\/a> <\/strong><\/p>","protected":false},"featured_media":57766,"template":"","meta":[],"product_brand":[],"product_cat":[226,231,322,1135,1341,1049],"product_tag":[],"class_list":{"0":"post-57761","1":"product","2":"type-product","3":"status-publish","4":"has-post-thumbnail","6":"product_cat-france","7":"product_cat-grand-est","8":"product_cat-location-packs","9":"product_cat-maps-france","10":"product_cat-maps-grand-est","11":"product_cat-meurthe-et-moselle-54","13":"first","14":"instock","15":"virtual","16":"taxable","17":"purchasable","18":"product-type-simple"},"jetpack_sharing_enabled":true,"_links":{"self":[{"href":"https:\/\/urbex.direct\/pl\/wp-json\/wp\/v2\/product\/57761","targetHints":{"allow":["GET"]}}],"collection":[{"href":"https:\/\/urbex.direct\/pl\/wp-json\/wp\/v2\/product"}],"about":[{"href":"https:\/\/urbex.direct\/pl\/wp-json\/wp\/v2\/types\/product"}],"wp:featuredmedia":[{"embeddable":true,"href":"https:\/\/urbex.direct\/pl\/wp-json\/wp\/v2\/media\/57766"}],"wp:attachment":[{"href":"https:\/\/urbex.direct\/pl\/wp-json\/wp\/v2\/media?parent=57761"}],"wp:term":[{"taxonomy":"product_brand","embeddable":true,"href":"https:\/\/urbex.direct\/pl\/wp-json\/wp\/v2\/product_brand?post=57761"},{"taxonomy":"product_cat","embeddable":true,"href":"https:\/\/urbex.direct\/pl\/wp-json\/wp\/v2\/product_cat?post=57761"},{"taxonomy":"product_tag","embeddable":true,"href":"https:\/\/urbex.direct\/pl\/wp-json\/wp\/v2\/product_tag?post=57761"}],"curies":[{"name":"wp","href":"https:\/\/api.w.org\/{rel}","templated":true}]}}