{"id":57334,"date":"2024-07-15T13:05:00","date_gmt":"2024-07-15T12:05:00","guid":{"rendered":"https:\/\/urbex.direct\/product\/the-lost-ammunition-plant-bam\/"},"modified":"2024-07-13T18:39:13","modified_gmt":"2024-07-13T17:39:13","slug":"zaginiona-fabryka-amunicji-bam","status":"publish","type":"product","link":"https:\/\/urbex.direct\/pl\/product\/the-lost-ammunition-plant-bam\/","title":{"rendered":"Zaginiona fabryka amunicji Bam"},"content":{"rendered":"<p>Wsp\u00f3\u0142rz\u0119dne Urbex<\/p>","protected":false},"excerpt":{"rendered":"<p>Wsp\u00f3\u0142rz\u0119dne Urbex<\/p>","protected":false},"featured_media":57333,"template":"","meta":[],"product_brand":[],"product_cat":[212,210],"product_tag":[],"class_list":{"0":"post-57334","1":"product","2":"type-product","3":"status-publish","4":"has-post-thumbnail","6":"product_cat-bavaria","7":"product_cat-germany","9":"first","10":"instock","11":"downloadable","12":"taxable","13":"shipping-taxable","14":"purchasable","15":"product-type-simple"},"jetpack_sharing_enabled":true,"_links":{"self":[{"href":"https:\/\/urbex.direct\/pl\/wp-json\/wp\/v2\/product\/57334","targetHints":{"allow":["GET"]}}],"collection":[{"href":"https:\/\/urbex.direct\/pl\/wp-json\/wp\/v2\/product"}],"about":[{"href":"https:\/\/urbex.direct\/pl\/wp-json\/wp\/v2\/types\/product"}],"wp:featuredmedia":[{"embeddable":true,"href":"https:\/\/urbex.direct\/pl\/wp-json\/wp\/v2\/media\/57333"}],"wp:attachment":[{"href":"https:\/\/urbex.direct\/pl\/wp-json\/wp\/v2\/media?parent=57334"}],"wp:term":[{"taxonomy":"product_brand","embeddable":true,"href":"https:\/\/urbex.direct\/pl\/wp-json\/wp\/v2\/product_brand?post=57334"},{"taxonomy":"product_cat","embeddable":true,"href":"https:\/\/urbex.direct\/pl\/wp-json\/wp\/v2\/product_cat?post=57334"},{"taxonomy":"product_tag","embeddable":true,"href":"https:\/\/urbex.direct\/pl\/wp-json\/wp\/v2\/product_tag?post=57334"}],"curies":[{"name":"wp","href":"https:\/\/api.w.org\/{rel}","templated":true}]}}