{"id":57284,"date":"2024-07-16T11:41:00","date_gmt":"2024-07-16T10:41:00","guid":{"rendered":"https:\/\/urbex.direct\/product\/ruiny-folwark\/"},"modified":"2024-07-11T19:47:04","modified_gmt":"2024-07-11T18:47:04","slug":"ruiny-folwark","status":"publish","type":"product","link":"https:\/\/urbex.direct\/pl\/product\/ruiny-folwark\/","title":{"rendered":"Ruiny Folwark"},"content":{"rendered":"<p>Wsp\u00f3\u0142rz\u0119dne Urbex<\/p>","protected":false},"excerpt":{"rendered":"<p>Wsp\u00f3\u0142rz\u0119dne Urbex<\/p>","protected":false},"featured_media":57283,"template":"","meta":[],"product_brand":[],"product_cat":[277,272],"product_tag":[],"class_list":{"0":"post-57284","1":"product","2":"type-product","3":"status-publish","4":"has-post-thumbnail","6":"product_cat-opole-2","7":"product_cat-poland","9":"first","10":"instock","11":"downloadable","12":"taxable","13":"shipping-taxable","14":"purchasable","15":"product-type-simple"},"jetpack_sharing_enabled":true,"_links":{"self":[{"href":"https:\/\/urbex.direct\/pl\/wp-json\/wp\/v2\/product\/57284","targetHints":{"allow":["GET"]}}],"collection":[{"href":"https:\/\/urbex.direct\/pl\/wp-json\/wp\/v2\/product"}],"about":[{"href":"https:\/\/urbex.direct\/pl\/wp-json\/wp\/v2\/types\/product"}],"wp:featuredmedia":[{"embeddable":true,"href":"https:\/\/urbex.direct\/pl\/wp-json\/wp\/v2\/media\/57283"}],"wp:attachment":[{"href":"https:\/\/urbex.direct\/pl\/wp-json\/wp\/v2\/media?parent=57284"}],"wp:term":[{"taxonomy":"product_brand","embeddable":true,"href":"https:\/\/urbex.direct\/pl\/wp-json\/wp\/v2\/product_brand?post=57284"},{"taxonomy":"product_cat","embeddable":true,"href":"https:\/\/urbex.direct\/pl\/wp-json\/wp\/v2\/product_cat?post=57284"},{"taxonomy":"product_tag","embeddable":true,"href":"https:\/\/urbex.direct\/pl\/wp-json\/wp\/v2\/product_tag?post=57284"}],"curies":[{"name":"wp","href":"https:\/\/api.w.org\/{rel}","templated":true}]}}