{"id":57008,"date":"2024-07-02T15:11:00","date_gmt":"2024-07-02T14:11:00","guid":{"rendered":"https:\/\/urbex.direct\/product\/chiesa-san-giorgio-degli-armeni\/"},"modified":"2024-06-30T20:44:38","modified_gmt":"2024-06-30T19:44:38","slug":"chiesa-san-giorgio-degli-armeni","status":"publish","type":"product","link":"https:\/\/urbex.direct\/pl\/product\/chiesa-san-giorgio-degli-armeni\/","title":{"rendered":"Chiesa San Giorgio Degli Armeni"},"content":{"rendered":"<p>Wsp\u00f3\u0142rz\u0119dne Urbex<\/p>","protected":false},"excerpt":{"rendered":"<p>Wsp\u00f3\u0142rz\u0119dne Urbex<\/p>","protected":false},"featured_media":57007,"template":"","meta":[],"product_brand":[],"product_cat":[315,243],"product_tag":[],"class_list":{"0":"post-57008","1":"product","2":"type-product","3":"status-publish","4":"has-post-thumbnail","6":"product_cat-apulia","7":"product_cat-italy","9":"first","10":"instock","11":"downloadable","12":"taxable","13":"shipping-taxable","14":"purchasable","15":"product-type-simple"},"jetpack_sharing_enabled":true,"_links":{"self":[{"href":"https:\/\/urbex.direct\/pl\/wp-json\/wp\/v2\/product\/57008","targetHints":{"allow":["GET"]}}],"collection":[{"href":"https:\/\/urbex.direct\/pl\/wp-json\/wp\/v2\/product"}],"about":[{"href":"https:\/\/urbex.direct\/pl\/wp-json\/wp\/v2\/types\/product"}],"wp:featuredmedia":[{"embeddable":true,"href":"https:\/\/urbex.direct\/pl\/wp-json\/wp\/v2\/media\/57007"}],"wp:attachment":[{"href":"https:\/\/urbex.direct\/pl\/wp-json\/wp\/v2\/media?parent=57008"}],"wp:term":[{"taxonomy":"product_brand","embeddable":true,"href":"https:\/\/urbex.direct\/pl\/wp-json\/wp\/v2\/product_brand?post=57008"},{"taxonomy":"product_cat","embeddable":true,"href":"https:\/\/urbex.direct\/pl\/wp-json\/wp\/v2\/product_cat?post=57008"},{"taxonomy":"product_tag","embeddable":true,"href":"https:\/\/urbex.direct\/pl\/wp-json\/wp\/v2\/product_tag?post=57008"}],"curies":[{"name":"wp","href":"https:\/\/api.w.org\/{rel}","templated":true}]}}