{"id":56966,"date":"2024-06-30T18:38:56","date_gmt":"2024-06-30T17:38:56","guid":{"rendered":"https:\/\/urbex.direct\/?post_type=product&#038;p=56966"},"modified":"2025-05-22T18:03:12","modified_gmt":"2025-05-22T17:03:12","slug":"urbex-mapa-wlochy-veneto-trentino-poludniowy-tyrol-i-friuli-venezia-giulia-1-rok-dostepu","status":"publish","type":"product","link":"https:\/\/urbex.direct\/pl\/product\/urbex-map-italy-veneto-trentino-south-tyrol-and-friuli-venezia-giulia-1-year-access\/","title":{"rendered":"Urbex Mapa W\u0142ochy: Wenecja Euganejska, Trydent-Tyrol Po\u0142udniowy i Friuli-Wenecja Julijska (dost\u0119p na 1 lub 2 lata)"},"content":{"rendered":"<p>Mapa zawiera nast\u0119puj\u0105ce lokalizacje: <ul><li>Antenato di F1<\/li><li>Ristorante dell'aereo<\/li><li>Villa Miari<\/li><li>Isola del Veneto<\/li><li>Discoteca Miro<\/li><li>Villa della Contessa Impazzita<\/li><li>Stara Lancia<\/li><li>Discoteca Madruga<\/li><li>Villa Cabia<\/li><li>Chiessetta Nobiliare<\/li><li>Hotel Spa<\/li><li>Chiesa O<\/li><li>Dom Alice \/ Dom Diane<\/li><li>Centro commerciale Esso<\/li><li>Villa Alfred Ogwang<\/li><li>Teatro Evoluzione<\/li><li>Palazzo a Sorpresa<\/li><li>Albergo Simpson<\/li><li>Ob\u00f3z hipisowski<\/li><li>Asylum Granzette<\/li><li>Fabbrica Forti<\/li><li>Stoccaggio Alibaba<\/li><li>Fabbrica-citt\u00e0<\/li><li>Base missilistica<\/li><li>Il grande albergo ricco<\/li><li>Hotel Cristallo<\/li><li>Villa Astronomica<\/li><li>Casa con balcone<\/li><li>Il Monastero Solare<\/li><li>Automatyczna kopu\u0142a<\/li><li>Vita di un monaco<\/li><li>Maison De L'Impagliatore<\/li><li>Base del ladro<\/li><li>La fabbrica dei treni<\/li><li>Fabbrica s<\/li><li>Villa Nebbiosa<\/li><li>Antica Chiesa Di San Marziala<\/li><li>Casa Malcazine<\/li><li>Villa Reliquia<\/li><li>Cappella nella foresta \/ Cappella Bianchi<\/li><li>Fabbrica Branco<\/li><li>Ospedale Al Mare<\/li><li>La regina della seta<\/li><li>Il campo proibito<\/li><li>Case Nosedo<\/li><li>Villa Castelnuovo<\/li><li>Fabryka sto\u0142\u00f3wek socjalnych<\/li><li>Porzucona prochownia<\/li><li>Castle Ghostories<\/li><li>Kinderheim<\/li><li>Monastero Di Santa Croce<\/li><li>Stabilimento Alluminio<\/li><li>Albergo Montano<\/li><li>Albergo scomunicato<\/li><li>Bagni a tre Cime<\/li><li>Il gigante dei boschi<\/li><li>La casa divina<\/li><li>La fabbrica di salsicce<\/li><li>Casa Petrol<\/li><li>Hotel Maria Auxi<\/li><li>3 Case sulla roccia<\/li><li>Stacja kolejki linowej NATO<\/li><li>Villa Gemona<\/li><li>Cacciatori delle Alpi<\/li><li>Sorelle in Miseria<\/li><li>Dom Ikonik<\/li><li>Bellezza industriale<\/li><li>Chiesa mani di Dio<\/li><\/ul><br><\/p>","protected":false},"excerpt":{"rendered":"<p>Ta mapa urbex zawiera wszystkie lokalizacje eksploracji miejskiej (urbex) w <strong>W\u0142ochy<\/strong><strong>Wenecja Euganejska, Trydent-Tyrol Po\u0142udniowy i Friuli-Wenecja Julijska<\/strong><strong>.<\/strong> <\/p>\n<p>Ta mapa zagubionych miejsc b\u0119dzie aktualizowana i dost\u0119pna przez co najmniej 365 dni od zakupu. Ta mapa zawiera obecnie 68 najbardziej wyj\u0105tkowych miejskich miejsc do zwiedzania we W\u0142oszech, Wenecji Euganejskiej, Trydencie-Tyrolu Po\u0142udniowym i Friuli-Wenecji Julijskiej i jest dost\u0119pna z dowolnego miejsca dzi\u0119ki naszej \u0142atwej w u\u017cyciu mapie<strong>. <\/strong><strong><\/p>\n<p>Je\u015bli posiadasz ju\u017c ten pakiet, mo\u017cesz uzyska\u0107 do niego dost\u0119p poprzez <\/strong><a href=\"\/pl\/moje-konto\/obszar-czlonkowski\/43905\/zawartosc-mojego-czlonkostwa\/\"><strong>Moje mapy &gt; Widok.<\/strong><\/a> <\/p>\n<p><a href=\"#tab-description\">Lista wszystkich lokalizacji Urbex na tej mapie.<\/a><\/p>","protected":false},"featured_media":56990,"template":"","meta":[],"product_brand":[],"product_cat":[1360,243,322,1137,251,313],"product_tag":[],"class_list":{"0":"post-56966","1":"product","2":"type-product","3":"status-publish","4":"has-post-thumbnail","6":"product_cat-friuli-venezia-giulia","7":"product_cat-italy","8":"product_cat-location-packs","9":"product_cat-maps-italy","10":"product_cat-trentino-south-tyrol","11":"product_cat-veneto-2","13":"first","14":"instock","15":"taxable","16":"shipping-taxable","17":"purchasable","18":"product-type-variable"},"jetpack_sharing_enabled":true,"_links":{"self":[{"href":"https:\/\/urbex.direct\/pl\/wp-json\/wp\/v2\/product\/56966","targetHints":{"allow":["GET"]}}],"collection":[{"href":"https:\/\/urbex.direct\/pl\/wp-json\/wp\/v2\/product"}],"about":[{"href":"https:\/\/urbex.direct\/pl\/wp-json\/wp\/v2\/types\/product"}],"wp:featuredmedia":[{"embeddable":true,"href":"https:\/\/urbex.direct\/pl\/wp-json\/wp\/v2\/media\/56990"}],"wp:attachment":[{"href":"https:\/\/urbex.direct\/pl\/wp-json\/wp\/v2\/media?parent=56966"}],"wp:term":[{"taxonomy":"product_brand","embeddable":true,"href":"https:\/\/urbex.direct\/pl\/wp-json\/wp\/v2\/product_brand?post=56966"},{"taxonomy":"product_cat","embeddable":true,"href":"https:\/\/urbex.direct\/pl\/wp-json\/wp\/v2\/product_cat?post=56966"},{"taxonomy":"product_tag","embeddable":true,"href":"https:\/\/urbex.direct\/pl\/wp-json\/wp\/v2\/product_tag?post=56966"}],"curies":[{"name":"wp","href":"https:\/\/api.w.org\/{rel}","templated":true}]}}