{"id":56964,"date":"2024-06-30T18:35:05","date_gmt":"2024-06-30T17:35:05","guid":{"rendered":"https:\/\/urbex.direct\/?post_type=product&#038;p=56964"},"modified":"2025-05-22T17:55:17","modified_gmt":"2025-05-22T16:55:17","slug":"urbex-mapa-wlochy-piemont-liguria-i-dolina-aosty-1-rok-dostepu","status":"publish","type":"product","link":"https:\/\/urbex.direct\/pl\/product\/urbex-map-italy-piedmont-liguria-and-aosta-valley-1-year-access\/","title":{"rendered":"Urbex Mapa W\u0142ochy: Piemont, Liguria i Dolina Aosty (dost\u0119p na 1 lub 2 lata)"},"content":{"rendered":"<p>Mapa zawiera nast\u0119puj\u0105ce lokalizacje: <ul><li>Fabbrica Xi&#039;an<\/li><li>Dark School of Music<\/li><li>Discoteca Divina<\/li><li>Manicomio di Racconigi<\/li><li>Ospedale Bargnetta \/ La Bertagnetta<\/li><li>Azyl V<\/li><li>Villa Trendy<\/li><li>Villa Luciano<\/li><li>Ultimo Impero<\/li><li>Istituto Giuseppini<\/li><li>Ospedale della Croce Rossa<\/li><li>Monastry MG<\/li><li>Villa Sottos<\/li><li>Castello Novi<\/li><li>Villa Dante<\/li><li>Chiesa CM<\/li><li>Villa Margherita<\/li><li>Castello di Savi<\/li><li>Villa Corinna<\/li><li>Villa Melano<\/li><li>Fabbrica Fantasia<\/li><li>Villa Martiri<\/li><li>Orfanotrofio S<\/li><li>Camillio Lost Village<\/li><li>Castello Di V<\/li><li>Rovina Nella Foresta<\/li><li>Villa Albero delle Scimmie<\/li><li>Villa Abbettere<\/li><li>Fabbrica Grande e Vuoto<\/li><li>Casa Frazione<\/li><li>Villa Lm<\/li><li>Distributore di benzina abbandonato<\/li><li>Fabbrica T<\/li><li>Fabbrica Angolo<\/li><li>Chiesa Madrina<\/li><li>Colours Factory<\/li><li>Chiesa SC<\/li><li>La Furnasetta<\/li><li>Palazzo L<\/li><li>Passo Dopo Passo<\/li><li>Oriental Gem Palace<\/li><li>Castello di L<\/li><li>Ektoplazma<\/li><li>Villa Becker<\/li><li>Castello Di Re Claudio<\/li><li>Ospedale Pronto Scorsso<\/li><li>Villa Conchiglia<\/li><li>Cinema Enal<\/li><li>Santuario Bertha Gifford<\/li><li>Villa Donato Bilancia<\/li><li>Castello Mirafiori \/ Castello del Drosso<\/li><li>Villa Grazia<\/li><li>Globe School<\/li><li>Preventorio Infantile<\/li><li>Disco Cesar Palace<\/li><li>Villa Artom<\/li><li>Szko\u0142a Tofana<\/li><li>Chiesa Bosco<\/li><li>Villa Solita<\/li><li>Villa Flavia<\/li><li>Dw\u00f3r Duchessa<\/li><li>Casa Nella Foresta<\/li><li>Segreti di Cotone \/ La Filature effiloch\u00e9e \/ La filature arlequine<\/li><li>Palazzo Sciure \/ Il Sanatorio Maledetto Di Bioglio<\/li><li>Villa Ron<\/li><li>Villa Rice<\/li><li>Casa di Bambola<\/li><li>Casa Baobicala<\/li><li>Villa B<\/li><li>Albergo S<\/li><li>Villa del cacciatore<\/li><li>Casa Vara<\/li><li>Ferme Scina<\/li><li>Usine Produtiva<\/li><li>Chiesa Rhogama<\/li><li>Fattoria Gazzurlo<\/li><li>The Globe Club<\/li><li>The 8K Manor<\/li><li>Discoteca Aphro<\/li><li>La fattoria in montagna<\/li><li>Casa Ast<\/li><li>Wie\u017ca ko\u015bcio\u0142a w Pizie<\/li><li>Azienda agricola ASL<\/li><li>Dom wilka morskiego<\/li><li>Castle Kippy<\/li><li>Villaggio fantasma<\/li><li>Hotel Alberghetti<\/li><li>Capella di Villa Durazzo<\/li><li>Chiesa Edio<\/li><li>Colonia Antonia Devoto<\/li><li>Colonia Fara<\/li><li>Manicomio di Quarto<\/li><li>Palazzo Bordoni<\/li><li>Villa Caelum<\/li><li>Villa Sultana<\/li><li>Villa Zan<\/li><li>Hotel Pigna<\/li><li>Centralna energia elektryczna<\/li><li>Hotel Coloniale<\/li><li>Mauzoleum Crespi<\/li><li>Villa Ardesia<\/li><li>Chiesa delle origini<\/li><li>Ospedale Mediterraneo<\/li><li>Manicomio di Cogoleto<\/li><li>Strefa eksploracji Ksi\u0119\u017cyca<\/li><li>Villa Puma<\/li><li>Forte C<\/li><li>Forte T<\/li><li>Chiesa Bianca<\/li><li>Chiesa Verde<\/li><li>Fabbrica Sub<\/li><li>Villa Romano<\/li><li>Termy Battaglione<\/li><\/ul><br><\/p>","protected":false},"excerpt":{"rendered":"<p>Ta mapa urbex zawiera wszystkie lokalizacje eksploracji miejskiej (urbex) w <strong>W\u0142ochy<\/strong><strong>Piemont, Liguria i Dolina Aosty<\/strong><strong>.<\/strong> <\/p>\n<p>Ta mapa zagubionych miejsc b\u0119dzie aktualizowana i dost\u0119pna przez co najmniej 365 dni od zakupu. Ta mapa zawiera obecnie 113 najbardziej wyj\u0105tkowych miejskich lokalizacji we W\u0142oszech, Piemoncie, Ligurii i Dolinie Aosty i jest dost\u0119pna z dowolnego miejsca dzi\u0119ki naszej \u0142atwej w u\u017cyciu mapie<strong>. <\/p>\n<p><\/strong><strong>Je\u015bli posiadasz ju\u017c ten pakiet, mo\u017cesz uzyska\u0107 do niego dost\u0119p poprzez <\/strong><a href=\"\/pl\/moje-konto\/obszar-czlonkowski\/43905\/zawartosc-mojego-czlonkostwa\/\"><strong>Moje mapy &gt; Widok.<\/strong><\/a> <\/p>\n<p><a href=\"#tab-description\">Lista wszystkich lokalizacji Urbex na tej mapie.<\/a><\/p>","protected":false},"featured_media":56984,"template":"","meta":[],"product_brand":[],"product_cat":[778,243,245,322,1137,248],"product_tag":[],"class_list":{"0":"post-56964","1":"product","2":"type-product","3":"status-publish","4":"has-post-thumbnail","6":"product_cat-valle-daosta","7":"product_cat-italy","8":"product_cat-ligurie-2","9":"product_cat-location-packs","10":"product_cat-maps-italy","11":"product_cat-piedmont","13":"first","14":"instock","15":"taxable","16":"shipping-taxable","17":"purchasable","18":"product-type-variable"},"jetpack_sharing_enabled":true,"_links":{"self":[{"href":"https:\/\/urbex.direct\/pl\/wp-json\/wp\/v2\/product\/56964","targetHints":{"allow":["GET"]}}],"collection":[{"href":"https:\/\/urbex.direct\/pl\/wp-json\/wp\/v2\/product"}],"about":[{"href":"https:\/\/urbex.direct\/pl\/wp-json\/wp\/v2\/types\/product"}],"wp:featuredmedia":[{"embeddable":true,"href":"https:\/\/urbex.direct\/pl\/wp-json\/wp\/v2\/media\/56984"}],"wp:attachment":[{"href":"https:\/\/urbex.direct\/pl\/wp-json\/wp\/v2\/media?parent=56964"}],"wp:term":[{"taxonomy":"product_brand","embeddable":true,"href":"https:\/\/urbex.direct\/pl\/wp-json\/wp\/v2\/product_brand?post=56964"},{"taxonomy":"product_cat","embeddable":true,"href":"https:\/\/urbex.direct\/pl\/wp-json\/wp\/v2\/product_cat?post=56964"},{"taxonomy":"product_tag","embeddable":true,"href":"https:\/\/urbex.direct\/pl\/wp-json\/wp\/v2\/product_tag?post=56964"}],"curies":[{"name":"wp","href":"https:\/\/api.w.org\/{rel}","templated":true}]}}