{"id":56962,"date":"2024-06-30T18:31:02","date_gmt":"2024-06-30T17:31:02","guid":{"rendered":"https:\/\/urbex.direct\/?post_type=product&#038;p=56962"},"modified":"2025-05-22T17:46:04","modified_gmt":"2025-05-22T16:46:04","slug":"urbex-mapa-wlochy-apulia-bazylikata-kalabria-kampania-i-sycylia-1-rok-dostepu","status":"publish","type":"product","link":"https:\/\/urbex.direct\/pl\/product\/urbex-map-italy-apulia-basilicata-calabria-campania-and-sicily-1-year-access\/","title":{"rendered":"Urbex Mapa W\u0142ochy: Apulia, Basilicata, Kalabria, Kampania i Sycylia (dost\u0119p na 1 lub 2 lata)"},"content":{"rendered":"<p>Mapa zawiera nast\u0119puj\u0105ce lokalizacje: <ul><li>Scuola di Biologica<\/li><li>Fabbrica Olio d' Oliva<\/li><li>Villa Agora<\/li><li>Fabbrica la Biancheria Sporca<\/li><li>Fabbrica CPT<\/li><li>Villa Coni<\/li><li>Villa Uva<\/li><li>Opuszczona farma<\/li><li>Distilleria Nuova<\/li><li>Tetanic<\/li><li>Grecki Acquapark<\/li><li>Istituto Psicopedagogico<\/li><li>Villa Ferrero<\/li><li>O sole mio<\/li><li>Opuszczona wioska wiejska<\/li><li>Miragica<\/li><li>Collegio Navale<\/li><li>Villa Cerulli Bozzi Corso<\/li><li>Chiesa San Giorgio Degli Armeni<\/li><li>Sacar<\/li><li>Casa Di Molla<\/li><li>Hotel M<\/li><li>Hotel A<\/li><li>Golden Hotel<\/li><li>Villaggio Normanna<\/li><li>Villagio Iverna<\/li><li>Piscina crollata<\/li><li>Couvent Episcopal<\/li><li>Impianto Chimico<\/li><li>Hotel Piana<\/li><li>Abbandono del terreno<\/li><li>Casa senza finestre<\/li><li>L'oliveto<\/li><li>Fabbrica di cemento C<\/li><li>Wielka strona fabryki<\/li><li>Gli appartamenti non finiti<\/li><li>L'albergo dei rifiuti \/ The Waste Hotel<\/li><li>Casa Avati<\/li><li>Fabbrica Scarsa visibilit\u00e0<\/li><li>La fabbrica delle arance<\/li><li>L'appartamento vuoto<\/li><li>Villa Pazza<\/li><li>Fabbrica tra le strade<\/li><li>Villaggio Tocco<\/li><li>Chiessa C<\/li><li>Guardare Attraverso<\/li><li>Fabbrica Tetto Ruggine<\/li><li>Villa Inaspettato<\/li><li>Casa Mo<\/li><li>Ruderi C<\/li><li>Fabbrica A<\/li><li>Dolina M\u0142yn\u00f3w<\/li><li>Casa di Cal<\/li><li>Casa Viti<\/li><li>Villaggio Provinciale<\/li><li>H\u00f4tel de la V\u00e9suve<\/li><li>Baza NATO<\/li><li>Ghost Town AV<\/li><li>Chiesseta Agreste<\/li><li>Chiesa Sant Antuono<\/li><li>Chiessa Madonna dil Ponte<\/li><li>Chiesa Largo Capuccini<\/li><li>La citt\u00e0 abbandonata, nella citt\u00e0 abbandonata<\/li><li>Wille zielony raj<\/li><li>Undead Asylum Campania<\/li><li>Prison Break Campania<\/li><li>Basen Lost Paradise<\/li><li>Convento medievale<\/li><li>Palazzo Ducal<\/li><li>Ancienne Fabrique NSS<\/li><li>Hotel Eremo<\/li><li>Casa Di Spinola<\/li><li>Lost Village Pog<\/li><li>Miniera di solfiti<\/li><li>Fabryka Coso<\/li><li>Zamek Catarina<\/li><li>The Sea Club<\/li><li>Ospedale Clearblue<\/li><li>La fattoria dimenticata<\/li><li>Casa Kasko<\/li><li>Fabbrica nella fattoria<\/li><li>Rovina della fattoria<\/li><li>Rovina della fattoria 2<\/li><li>La rovina sulla montagna<\/li><li>Ponte e tunnel di Potter abbandonati<\/li><li>Casa Lofaro<\/li><li>La spa in crescita<\/li><li>Casa dell'autostrada<\/li><li>Chiesa Baro<\/li><li>Caserma Ruin Strand<\/li><li>Grand Hotel Templi<\/li><li>Castello di Somersault<\/li><\/ul><br><\/p>","protected":false},"excerpt":{"rendered":"<p>Ta mapa urbex zawiera wszystkie lokalizacje eksploracji miejskiej (urbex) w <strong>W\u0142ochy<\/strong><strong>Apulia, Basilicata, Kalabria, Kampania i Sycylia<\/strong><strong>.<\/strong> <\/p>\n<p>Ta mapa zagubionych miejsc b\u0119dzie aktualizowana i dost\u0119pna przez co najmniej 365 dni od zakupu. Ta mapa zawiera obecnie 92 najbardziej unikalne miejskie lokalizacje we W\u0142oszech, Apulii, Basilicacie, Kalabrii, Kampanii i Sycylii i jest dost\u0119pna z dowolnego miejsca dzi\u0119ki naszej \u0142atwej w u\u017cyciu mapie<strong>. <\/p>\n<p><\/strong><strong>Je\u015bli posiadasz ju\u017c ten pakiet, mo\u017cesz uzyska\u0107 do niego dost\u0119p poprzez <\/strong><a href=\"\/pl\/moje-konto\/obszar-czlonkowski\/43905\/zawartosc-mojego-czlonkostwa\/\"><strong>Moje mapy &gt; Widok.<\/strong><\/a> <\/p>\n<p><a href=\"#tab-description\">Lista wszystkich lokalizacji Urbex na tej mapie.<\/a><\/p>","protected":false},"featured_media":56980,"template":"","meta":[],"product_brand":[],"product_cat":[340,332,948,315,1356,243,322,1137],"product_tag":[],"class_list":{"0":"post-56962","1":"product","2":"type-product","3":"status-publish","4":"has-post-thumbnail","6":"product_cat-basilicata","7":"product_cat-campania","8":"product_cat-sicilie","9":"product_cat-apulia","10":"product_cat-calabria","11":"product_cat-italy","12":"product_cat-location-packs","13":"product_cat-maps-italy","15":"first","16":"instock","17":"taxable","18":"shipping-taxable","19":"purchasable","20":"product-type-variable"},"jetpack_sharing_enabled":true,"_links":{"self":[{"href":"https:\/\/urbex.direct\/pl\/wp-json\/wp\/v2\/product\/56962","targetHints":{"allow":["GET"]}}],"collection":[{"href":"https:\/\/urbex.direct\/pl\/wp-json\/wp\/v2\/product"}],"about":[{"href":"https:\/\/urbex.direct\/pl\/wp-json\/wp\/v2\/types\/product"}],"wp:featuredmedia":[{"embeddable":true,"href":"https:\/\/urbex.direct\/pl\/wp-json\/wp\/v2\/media\/56980"}],"wp:attachment":[{"href":"https:\/\/urbex.direct\/pl\/wp-json\/wp\/v2\/media?parent=56962"}],"wp:term":[{"taxonomy":"product_brand","embeddable":true,"href":"https:\/\/urbex.direct\/pl\/wp-json\/wp\/v2\/product_brand?post=56962"},{"taxonomy":"product_cat","embeddable":true,"href":"https:\/\/urbex.direct\/pl\/wp-json\/wp\/v2\/product_cat?post=56962"},{"taxonomy":"product_tag","embeddable":true,"href":"https:\/\/urbex.direct\/pl\/wp-json\/wp\/v2\/product_tag?post=56962"}],"curies":[{"name":"wp","href":"https:\/\/api.w.org\/{rel}","templated":true}]}}