{"id":56689,"date":"2024-06-18T13:52:00","date_gmt":"2024-06-18T12:52:00","guid":{"rendered":"https:\/\/urbex.direct\/product\/maison-manuelina-da-foz\/"},"modified":"2024-06-16T22:25:12","modified_gmt":"2024-06-16T21:25:12","slug":"maison-manuelina-da-foz","status":"publish","type":"product","link":"https:\/\/urbex.direct\/pl\/product\/maison-manuelina-da-foz\/","title":{"rendered":"Maison Manuelina Da Foz"},"content":{"rendered":"<p>Wsp\u00f3\u0142rz\u0119dne Urbex<\/p>","protected":false},"excerpt":{"rendered":"<p>Wsp\u00f3\u0142rz\u0119dne Urbex<\/p>","protected":false},"featured_media":56688,"template":"","meta":[],"product_brand":[],"product_cat":[330,325],"product_tag":[],"class_list":{"0":"post-56689","1":"product","2":"type-product","3":"status-publish","4":"has-post-thumbnail","6":"product_cat-porto","7":"product_cat-portugal","9":"first","10":"instock","11":"downloadable","12":"taxable","13":"shipping-taxable","14":"purchasable","15":"product-type-simple"},"jetpack_sharing_enabled":true,"_links":{"self":[{"href":"https:\/\/urbex.direct\/pl\/wp-json\/wp\/v2\/product\/56689","targetHints":{"allow":["GET"]}}],"collection":[{"href":"https:\/\/urbex.direct\/pl\/wp-json\/wp\/v2\/product"}],"about":[{"href":"https:\/\/urbex.direct\/pl\/wp-json\/wp\/v2\/types\/product"}],"wp:featuredmedia":[{"embeddable":true,"href":"https:\/\/urbex.direct\/pl\/wp-json\/wp\/v2\/media\/56688"}],"wp:attachment":[{"href":"https:\/\/urbex.direct\/pl\/wp-json\/wp\/v2\/media?parent=56689"}],"wp:term":[{"taxonomy":"product_brand","embeddable":true,"href":"https:\/\/urbex.direct\/pl\/wp-json\/wp\/v2\/product_brand?post=56689"},{"taxonomy":"product_cat","embeddable":true,"href":"https:\/\/urbex.direct\/pl\/wp-json\/wp\/v2\/product_cat?post=56689"},{"taxonomy":"product_tag","embeddable":true,"href":"https:\/\/urbex.direct\/pl\/wp-json\/wp\/v2\/product_tag?post=56689"}],"curies":[{"name":"wp","href":"https:\/\/api.w.org\/{rel}","templated":true}]}}