{"id":56395,"date":"2024-06-11T13:30:00","date_gmt":"2024-06-11T12:30:00","guid":{"rendered":"https:\/\/urbex.direct\/product\/il-villaggio-sulla-diga\/"},"modified":"2024-06-03T21:45:47","modified_gmt":"2024-06-03T20:45:47","slug":"il-villaggio-sulla-diga","status":"publish","type":"product","link":"https:\/\/urbex.direct\/pl\/product\/il-villaggio-sulla-diga\/","title":{"rendered":"Il villaggio sulla diga"},"content":{"rendered":"<p>Wsp\u00f3\u0142rz\u0119dne Urbex<\/p>","protected":false},"excerpt":{"rendered":"<p>Wsp\u00f3\u0142rz\u0119dne Urbex<\/p>","protected":false},"featured_media":56394,"template":"","meta":[],"product_brand":[],"product_cat":[243,249],"product_tag":[],"class_list":{"0":"post-56395","1":"product","2":"type-product","3":"status-publish","4":"has-post-thumbnail","6":"product_cat-italy","7":"product_cat-sardinia","9":"first","10":"instock","11":"downloadable","12":"taxable","13":"shipping-taxable","14":"purchasable","15":"product-type-simple"},"jetpack_sharing_enabled":true,"_links":{"self":[{"href":"https:\/\/urbex.direct\/pl\/wp-json\/wp\/v2\/product\/56395","targetHints":{"allow":["GET"]}}],"collection":[{"href":"https:\/\/urbex.direct\/pl\/wp-json\/wp\/v2\/product"}],"about":[{"href":"https:\/\/urbex.direct\/pl\/wp-json\/wp\/v2\/types\/product"}],"wp:featuredmedia":[{"embeddable":true,"href":"https:\/\/urbex.direct\/pl\/wp-json\/wp\/v2\/media\/56394"}],"wp:attachment":[{"href":"https:\/\/urbex.direct\/pl\/wp-json\/wp\/v2\/media?parent=56395"}],"wp:term":[{"taxonomy":"product_brand","embeddable":true,"href":"https:\/\/urbex.direct\/pl\/wp-json\/wp\/v2\/product_brand?post=56395"},{"taxonomy":"product_cat","embeddable":true,"href":"https:\/\/urbex.direct\/pl\/wp-json\/wp\/v2\/product_cat?post=56395"},{"taxonomy":"product_tag","embeddable":true,"href":"https:\/\/urbex.direct\/pl\/wp-json\/wp\/v2\/product_tag?post=56395"}],"curies":[{"name":"wp","href":"https:\/\/api.w.org\/{rel}","templated":true}]}}