{"id":56104,"date":"2024-05-22T17:55:56","date_gmt":"2024-05-22T16:55:56","guid":{"rendered":"https:\/\/urbex.direct\/product\/boite-de-nuit-relax\/"},"modified":"2024-05-21T22:03:19","modified_gmt":"2024-05-21T21:03:19","slug":"boite-de-nuit-relax","status":"publish","type":"product","link":"https:\/\/urbex.direct\/pl\/product\/boite-de-nuit-relax\/","title":{"rendered":"Bo\u00eete de Nuit Relax"},"content":{"rendered":"<p>Wsp\u00f3\u0142rz\u0119dne Urbex<\/p>","protected":false},"excerpt":{"rendered":"<p>Wsp\u00f3\u0142rz\u0119dne Urbex<\/p>","protected":false},"featured_media":56103,"template":"","meta":[],"product_brand":[],"product_cat":[1023,226,317],"product_tag":[],"class_list":{"0":"post-56104","1":"product","2":"type-product","3":"status-publish","4":"has-post-thumbnail","6":"product_cat-bouches-du-rhone-13","7":"product_cat-france","8":"product_cat-provence-alpes-cote-dazur","10":"first","11":"instock","12":"downloadable","13":"taxable","14":"shipping-taxable","15":"purchasable","16":"product-type-simple"},"jetpack_sharing_enabled":true,"_links":{"self":[{"href":"https:\/\/urbex.direct\/pl\/wp-json\/wp\/v2\/product\/56104","targetHints":{"allow":["GET"]}}],"collection":[{"href":"https:\/\/urbex.direct\/pl\/wp-json\/wp\/v2\/product"}],"about":[{"href":"https:\/\/urbex.direct\/pl\/wp-json\/wp\/v2\/types\/product"}],"wp:featuredmedia":[{"embeddable":true,"href":"https:\/\/urbex.direct\/pl\/wp-json\/wp\/v2\/media\/56103"}],"wp:attachment":[{"href":"https:\/\/urbex.direct\/pl\/wp-json\/wp\/v2\/media?parent=56104"}],"wp:term":[{"taxonomy":"product_brand","embeddable":true,"href":"https:\/\/urbex.direct\/pl\/wp-json\/wp\/v2\/product_brand?post=56104"},{"taxonomy":"product_cat","embeddable":true,"href":"https:\/\/urbex.direct\/pl\/wp-json\/wp\/v2\/product_cat?post=56104"},{"taxonomy":"product_tag","embeddable":true,"href":"https:\/\/urbex.direct\/pl\/wp-json\/wp\/v2\/product_tag?post=56104"}],"curies":[{"name":"wp","href":"https:\/\/api.w.org\/{rel}","templated":true}]}}