{"id":55777,"date":"2024-05-05T18:14:28","date_gmt":"2024-05-05T17:14:28","guid":{"rendered":"https:\/\/urbex.direct\/?post_type=product&#038;p=55777"},"modified":"2025-05-21T20:48:25","modified_gmt":"2025-05-21T19:48:25","slug":"urbex-mapa-niemiec-1-rok-dostepu","status":"publish","type":"product","link":"https:\/\/urbex.direct\/pl\/product\/urbex-map-germany-1-year-access\/","title":{"rendered":"Urbex Map Germany Wszystkie regiony (dost\u0119p na 1 lub 2 lata)"},"content":{"rendered":"<p>Mapa zawiera nast\u0119puj\u0105ce lokalizacje: <ul><li>BM Hotel<\/li><li>Cafe Eisenbahn<\/li><li>Ob\u00f3z Hitfeld<\/li><li>Chiny Imbiss<\/li><li>Restauracja Eichhof<\/li><li>Flower Valley Bar<\/li><li>Fontanna House<\/li><li>Haus-Rhenus<\/li><li>Institut Mollenkotten<\/li><li>W\u0142adca Pier\u015bcieni<\/li><li>Zagubione zbiorniki<\/li><li>Schwimmbad B<\/li><li>Sunshine Factory<\/li><li>Villa Bogata<\/li><li>Villa Muhr<\/li><li>Wollseifen<\/li><li>Zeche Rudolf<\/li><li>Szklarnie<\/li><li>Fabrik Feuerfest<\/li><li>Sanatorium p\u0142ucne<\/li><li>Farma JRT<\/li><li>Kaserene ENG<\/li><li>Verlassen Schule<\/li><li>Cookie Factory<\/li><li>Hotel Kino \/ Weser Lichtspiele<\/li><li>Armaturenfabrik<\/li><li>Haus des Jagers<\/li><li>Freibad<\/li><li>Norton<\/li><li>St. A Krankenhaus<\/li><li>Tuchfabrik<\/li><li>Zeche N<\/li><li>Most kolejowy W<\/li><li>Verbrannter Boden<\/li><li>Bauernhof Heu<\/li><li>Sauerei H\u00fctte<\/li><li>Hexenhaus<\/li><li>Szko\u0142a artystyczna<\/li><li>Drahtfabrik<\/li><li>Zeche DB<\/li><li>Das Alte Krankenhaus<\/li><li>Schwarze Kirche<\/li><li>Das Ehemalige Suchtklinik<\/li><li>Kazerne Herongen<\/li><li>Flugzeughangar<\/li><li>Haus des Sch\u00e4nders<\/li><li>Maison FOS<\/li><li>Das WW2 Bunker<\/li><li>Tunel Eisenbahntunnel<\/li><li>Das Totenhaus<\/li><li>Unifinished Hotel H<\/li><li>Maison Markus<\/li><li>Leere Tankstelle<\/li><li>Bunkry Muna<\/li><li>Steinbruch M<\/li><li>Bush Plane<\/li><li>Das Hallenbad<\/li><li>Das Alte Strandhotel<\/li><li>Bunkier amunicyjny<\/li><li>Dom zaginionych dzieci<\/li><li>Ob\u00f3z dobieg\u0142 ko\u0144ca<\/li><li>Maison Chinapalace<\/li><li>Hipisowska kawiarnia<\/li><li>Das Einkaufszentrum<\/li><li>Biker Fabrik<\/li><li>Die Musikbar<\/li><li>Spielhaus der Pferde<\/li><li>Friedhof der wandelnden<\/li><li>Ziegelei an der Villa<\/li><li>Das blaue Kino<\/li><li>Atak z Marsa<\/li><li>NAVO Pipeline<\/li><li>Strzelnica WW2<\/li><li>Bunkier Klein<\/li><li>Stary most kolejowy w Niemczech<\/li><li>Kino XXX<\/li><li>Beim Zahnarzt \/ Bij de Tandarts<\/li><li>Wrak \u0142odzi<\/li><li>Snackplane<\/li><li>Barracks S<\/li><li>Upiorne groby<\/li><li>House des Anglers<\/li><li>Nieu\u017cywany basen<\/li><li>Bunkier w Walii<\/li><li>Der alte Kalkofen<\/li><li>Farma Europa<\/li><li>Krankenhaus B<\/li><li>Bergbauschule<\/li><li>Bunkier w \u015brodku lasu<\/li><li>Zapomniany ko\u015bci\u00f3\u0142 w lesie<\/li><li>Kalkfabrik<\/li><li>Haus der Lehrerin<\/li><li>Basen i restauracja<\/li><li>Ob\u00f3z wojskowy SS<\/li><li>G\u0119ste sk\u0142adowanie amunicji<\/li><li>Hotel am See<\/li><li>Das Kalkoven<\/li><li>Die blaue Fabrik<\/li><li>Die Kasse des Chefs<\/li><li>Desperate Housewife<\/li><li>Blue Wonder<\/li><li>Elstal Wustermark<\/li><li>Schloss Dammsm\u00fchle<\/li><li>Schloss Gentzrode<\/li><li>Milit\u00e4rkrankenhaus<\/li><li>Filterworks<\/li><li>Verbotene Stadt<\/li><li>Colossus<\/li><li>Heilst\u00e4tte Oranien<\/li><li>Insane Asylum T<\/li><li>Gara\u017c morski<\/li><li>Kaserne Joter<\/li><li>Szko\u0142a lot\u00f3w Zeppelin<\/li><li>Zinna-Schule III<\/li><li>Experiment der Armee<\/li><li>Flugplatz Sperenberg<\/li><li>Schloss F<\/li><li>Poci\u0105gi bojowe<\/li><li>Wilhelm Pieck<\/li><li>Haus Templ<\/li><li>Domena Geron<\/li><li>Haus Denkmal<\/li><li>Der alte Zirkus<\/li><li>Pflegeheim Ru<\/li><li>Das Milchhaus<\/li><li>Klinikum K<\/li><li>Krafwerk P<\/li><li>Cmentarz T-Mobile<\/li><li>Schloss SH<\/li><li>Flugplatz O<\/li><li>Freedom Brige<\/li><li>Walking Dead Road 2.0<\/li><li>Strzelnica Graffity<\/li><li>Ob\u00f3z SS<\/li><li>Flugabwehr-Raketenabteilung<\/li><li>Infanterie im Dienst<\/li><li>Die Party ist vorbei<\/li><li>Ob\u00f3z Nick<\/li><li>Ob\u00f3z Bombodrom<\/li><li>Versteckter Flugplatz<\/li><li>Furstenberg lager<\/li><li>Opuszczone domy SS<\/li><li>Das Stasi Krankenhaus<\/li><li>Hotel B\u00e4renstark<\/li><li>Kurklinik am Bomberg<\/li><li>Schloss Olderhausen<\/li><li>Sprengstofffabrik Tanne<\/li><li>Villa Kunzima<\/li><li>Zucherfabrik<\/li><li>Panzery<\/li><li>Haus der S\u00e4ngerin \/ Haus der Nachtigall \/ Haus der Blumen<\/li><li>Lost Storage<\/li><li>Luftmunitionslager<\/li><li>Haus der wei\u00dfen Perle<\/li><li>Odsiadka<\/li><li>\u017b\u00f3\u0142ty poci\u0105g<\/li><li>Das Retro Guesthaus<\/li><li>Hotel Eden R<\/li><li>Ferienwohnungen<\/li><li>Das Alte Retro Hotel<\/li><li>Alte Bergbaureste<\/li><li>Wi\u0119zienie Nittle<\/li><li>Hotel Lamps<\/li><li>Play Train<\/li><li>Gro\u00dfes Haus am Waldrand<\/li><li>Die getarnte Scheune<\/li><li>Upadaj\u0105ce szklarnie<\/li><li>Happy Meal<\/li><li>House Freedom<\/li><li>Bunkier Bassum<\/li><li>S\u0142oma i traktor \/ Stroh und Traktor<\/li><li>Wrak statku (lokalizacja drona)<\/li><li>Bateria przeciwlotnicza \/ Flakbatterie<\/li><li>Sanatorium Bernhardi i elektrownia<\/li><li>Mauzoleum des B\u00e4ren<\/li><li>Das Waldhaus<\/li><li>Klinik wintermoor<\/li><li>Geistervilla<\/li><li>Wald Bunker Eib<\/li><li>Das Alte Tram<\/li><li>Haus Wolf<\/li><li>Alte Mahlwerk<\/li><li>Sanatorium Konigsberg<\/li><li>Das Kleine Bunkersystem<\/li><li>Katholisch Keller<\/li><li>Zoogehege<\/li><li>Verlassene Arztpraxis<\/li><li>Russische Panzer<\/li><li>Roter Swimmingpool<\/li><li>Kinder des Nichts<\/li><li>Cmentarz Iluminat\u00f3w<\/li><li>Hotel Waldkater<\/li><li>Cie\u0144 domu<\/li><li>Pensjonat Izolda<\/li><li>Ballsaal Melodie<\/li><li>Berghaus<\/li><li>Bezirkskrankenhaus C<\/li><li>Ko\u015bci\u00f3\u0142 Blue Meth<\/li><li>Budynek O<\/li><li>Budynek Odpadki<\/li><li>Decay Factory<\/li><li>Emilien Haus<\/li><li>Fabrik Z<\/li><li>FDGB Mooskombinaat<\/li><li>Gebaude Brunn<\/li><li>Gebaude Scheffel<\/li><li>Gebaude Schwarzbach<\/li><li>Haus am Fluss<\/li><li>Haus BC<\/li><li>Haus Ebersbach<\/li><li>Haus Elly<\/li><li>Haus Elyan<\/li><li>Haus Hofer<\/li><li>Haus Konz<\/li><li>Haus Ramazotti<\/li><li>Hotel Atlantis<\/li><li>Hotel Flanell<\/li><li>Hotel Jugel<\/li><li>Dzierganie domku dla babci<\/li><li>Kompass Building<\/li><li>Zagubiony w Chemnitz<\/li><li>Muldenhaus<\/li><li>Sanatorium Kussmund<\/li><li>Schloss Thierbach<\/li><li>Biel witryny<\/li><li>Haniebny budynek<\/li><li>Teatr V<\/li><li>Tonwarenfabrik Blumenpott<\/li><li>Usine Joha<\/li><li>Usine Markus<\/li><li>Villa Filzhaus<\/li><li>Villa H\u00fcttengrund<\/li><li>Villa Sylvana<\/li><li>Wohnungen A + B<\/li><li>Fabryka Woodbales<\/li><li>Villa Kolbe<\/li><li>M\u00f6belhaus<\/li><li>Graffiti Hall<\/li><li>Davy C Hotel<\/li><li>Zucher Fabrik D<\/li><li>Haus Sprem<\/li><li>Fabryka Kaos<\/li><li>Das Tanzlokal<\/li><li>Strawberry School<\/li><li>Sovjet Camp \/ Sovjet Mosaik<\/li><li>Fabryka Nowej Fali \/ Fabrik New Wave<\/li><li>Mondfabrik<\/li><li>Fu\u00dfballarena<\/li><li>Das Alte Herrenhaus<\/li><li>Nervenheilanstalt<\/li><li>Albrechtshaus<\/li><li>Gebaude K<\/li><li>Haus Angelika<\/li><li>Haus Luisengraben<\/li><li>Kirche Z<\/li><li>Kraftwerk Vockerode<\/li><li>Rote Kirche<\/li><li>Mauzoleum Kr\u00f3lewskie \/ Mauzoleum K<\/li><li>Zrujnowany ko\u015bci\u00f3\u0142<\/li><li>Usine St<\/li><li>Villa Idla<\/li><li>Villa Panda<\/li><li>Villa Wonka<\/li><li>Hotel Heinrich Dunker<\/li><li>Schweinehochhaus<\/li><li>Das alte Brauerei<\/li><li>Die Geisterkirche<\/li><li>Kegelbahn Sport Frei<\/li><li>Prison Bande<\/li><li>Hotel H<\/li><li>ESOC Bodenstation<\/li><li>Dr Anna<\/li><li>Club Blue Leguan<\/li><li>Brauerei zum Hirsch<\/li><li>Seniorenresidenz F<\/li><li>Zagubione szklarnie<\/li><li>Dom A<\/li><li>Jungle Boat<\/li><li>Bungalow H<\/li><li>Das Sport Hotel<\/li><li>Klinik Dr Baldrian<\/li><li>Grand Hotel Papagei<\/li><li>Hotel Piano<\/li><li>Schloss Waldfee<\/li><li>Klinikum paralyticum<\/li><li>Flamingo Clininc<\/li><li>Polizeipr\u00e4sidium<\/li><li>Emma Kinderheim<\/li><li>Monstertruck-Friedhof<\/li><li>Hausfremder<\/li><li>Grube W\u00fcrgengel<\/li><li>Bahnhof D<\/li><li>Bahnhof R<\/li><li>Alte Guterwagons<\/li><li>Cmentarz wojskowy<\/li><li>Dom Syzyfa<\/li><li>Fabryka Opon \/ Fabrik Band<\/li><li>House HW<\/li><li>Sanatorium Mossy<\/li><li>Ruine Berg<\/li><li>Us Bunker Forest<\/li><li>Hotel Hexenbut<\/li><li>Hotel Hlava<\/li><li>Natuurfreibad K<\/li><li>Talstation Malbergbahn<\/li><li>Villa Viktoriastift<\/li><li>Kohlens\u00e4ure Fabrik<\/li><li>Swimmbad<\/li><li>Hotel Verlassen<\/li><li>Edelsteinschleiferei<\/li><li>Boardinghouse<\/li><li>Drei Kreuze \/ Volvo<\/li><li>Verlassener Metzger<\/li><li>John Doe Fabrik<\/li><li>Ameryka\u0144ska firma<\/li><li>Brak bunkra amunicyjnego<\/li><li>Bunkier amunicyjny Keine 2<\/li><li>Willa w lesie<\/li><li>Train House K<\/li><li>Das alte Haus an der Stra\u00dfe<\/li><li>Sanatorium Gauva<\/li><li>Burned Dreams Hotel<\/li><li>Podzia\u0142 domu<\/li><li>Collap House<\/li><li>Lotnisko w mie\u015bcie<\/li><li>Launch Track<\/li><li>Sanatorium Charlottenh\u00f6he<\/li><li>Heliport USA<\/li><li>Dom nad jeziorem<\/li><li>Hotel Fakir<\/li><li>Klinik Holzbein<\/li><li>Zgni\u0142y dom w lesie<\/li><li>Crown Hotel<\/li><li>Hotel Archen<\/li><li>Schimmel Hotel 2.0 l<\/li><li>Klinika Black Forest<\/li><li>Friedliche Gr\u00e4ber \/ Spokojne groby<\/li><li>Szpital Mystic<\/li><li>Dw\u00f3r dzieci\u0119cy \/ Kinderanwesen<\/li><li>Haus des Pastors<\/li><li>Der LKW-Friedhof \/ Cmentarz ci\u0119\u017car\u00f3wek<\/li><li>Kszta\u0142cenie i rozw\u00f3j<\/li><li>Institut KU<\/li><li>M\u00f3j to Hang<\/li><li>Ziegelei Antoinette<\/li><li>US Army Im Wald<\/li><li>Fahrradhaus<\/li><li>Klinik des verr\u00fcckten Arztes<\/li><li>Nerd House<\/li><li>Brauerei Sch\u00f6neweide<\/li><li>Wschodnioniemiecki szpital dzieci\u0119cy<\/li><li>Emva Komzila<\/li><li>Funkhaus Grunau<\/li><li>Spreepark *Legal*<\/li><li>Waldhaus B<\/li><li>Irakische Botschaft<\/li><li>Freibad WE<\/li><li>Flughafen Lugplatz<\/li><li>Fl\u00fcchtlingszentrum<\/li><li>Diabelska g\u00f3ra<\/li><li>Kontrollraum mit Glasdach<\/li><li>Ehemaliger Kaisers<\/li><li>Haus des Polizisten<\/li><li>Szpital Harolda Greenwooda<\/li><li>House of Bones<\/li><li>Knappschaft Heilstatten<\/li><li>Milchhof G<\/li><li>Fabryka Porcelany<\/li><li>Wi\u0119zienie 1555<\/li><li>Rittergut V<\/li><li>Sanatorium Hohentanneck<\/li><li>Sanatorium Schwarzeck<\/li><li>Sanatorium Sophie<\/li><li>Sanatorium W<\/li><li>Hotel Aussicht<\/li><li>Ma\u0142y Pary\u017c<\/li><li>Kulturpalast<\/li><li>Verlassene Scheune<\/li><li>Bahnhof Ziegelei<\/li><li>Die Werkstatt des Meisters<\/li><li>Sanatorium Frissen<\/li><li>Villa Schwarza<\/li><li>Alte Brauerei mit Tunnel<\/li><li>Zak\u0142ad odnowy<\/li><li>Herrenhaus der Spiegelungen<\/li><li>Kinderheim HC<\/li><li>Sanatorium Erich Steinfurth<\/li><li>Schloss S<\/li><li>Stary samoch\u00f3d W50 DDR<\/li><li>Kegelbahn mit Hotel und Gastst\u00e4tte<\/li><li>Haus im Wald<\/li><li>Maison R\u00fcmpel<\/li><li>Verlassen Schule<\/li><li>Altes Kulturhaus<\/li><li>Die Autosammlung<\/li><li>Manoir Antique<\/li><li>Alter Sekret\u00e4r aus Holzstoff<\/li><li>Baza NVA<\/li><li>Das Alte DWA Complex<\/li><li>Szko\u0142a Das Alte Gymnasium<\/li><li>Przystanek w\u0119dkarski \/ Wraki<\/li><li>Hotel Saar<\/li><li>Alte Bahnhallen<\/li><li>Industriehaus<\/li><li>Geisterstation J<\/li><li>Fahrzeughalle<\/li><li>Fabryka N<\/li><li>Zementwerk<\/li><li>Gasthaus 1817<\/li><li>Haus der Schneiderin<\/li><li>Arava<\/li><li>Plankenhammer<\/li><li>Sanatorium Apolant<\/li><li>Dom Ogrodnika<\/li><li>Rze\u017ania<\/li><li>Funcity P<\/li><li>Dom Winiarza<\/li><li>Dom Claudio<\/li><li>Kristalltherme F<\/li><li>Gara\u017c Maffia<\/li><li>Mauzoleum Z<\/li><li>Haus Rodach<\/li><li>Le\u015bnicz\u00f3wka \/ Wald Bar<\/li><li>Upiorny dyspozytor poci\u0105gu<\/li><li>Zaginiona fabryka amunicji Bam<\/li><li>Dom z lat 60-tych<\/li><li>Tramwaj Friedhof<\/li><li>Die verlorene Grundschule<\/li><li>Fliegerbunker<\/li><li>Kopalnia Kunst<\/li><li>Haus aus flaschen<\/li><li>Kur Heim<\/li><li>Riesige Porzellanfabrik<\/li><li>Glasfabrik<\/li><li>Altes Pumpwerk<\/li><li>Fritz Krankenhaus<\/li><li>Lokomotivscheibe<\/li><li>H\u00fcbscher Bauernhof<\/li><li>Szpital H \/ Krankenhaus H<\/li><li>Ostatni Ko\u015bci\u00f3\u0142<\/li><li>Farma Skilift<\/li><li>Pit Up Club<\/li><li>Das Inselhaus<\/li><li>Das Spukhaus im Wald<\/li><li>Znany hotel<\/li><li>Alte Train<\/li><li>Federball Fabrik \/ Fabryka lotek<\/li><li>Endstation Ich Liebe Dich<\/li><li>Hexenhaus Bavaria<\/li><li>Alter Bauernhof B<\/li><\/ul><\/p>","protected":false},"excerpt":{"rendered":"<p>Ta mapa urbex zawiera wszystkie lokalizacje eksploracji miejskiej (urbex) w <strong>Niemcy<\/strong><strong>, <\/strong><strong>Wszystkie regiony<\/strong><strong>.<\/strong> <\/p>\n<p>This lost places map will remain updated and accessible for at least 365 days after purchase. This map has currently 450 of the most unique urban exploring locations in Germany and is accessible from anywhere with our easy to use map<strong>. <\/p>\n<p><\/strong><strong>Je\u015bli posiadasz ju\u017c ten pakiet, mo\u017cesz uzyska\u0107 do niego dost\u0119p poprzez <\/strong><a href=\"\/pl\/moje-konto\/obszar-czlonkowski\/43905\/zawartosc-mojego-czlonkostwa\/\"><strong>Moje mapy &gt; Widok.<\/strong><\/a> <\/p>\n<p><a href=\"#tab-description\">Lista wszystkich lokalizacji Urbex na tej mapie.<\/a><\/p>","protected":false},"featured_media":56794,"template":"","meta":[],"product_brand":[],"product_cat":[210,322,1229],"product_tag":[],"class_list":{"0":"post-55777","1":"product","2":"type-product","3":"status-publish","4":"has-post-thumbnail","6":"product_cat-germany","7":"product_cat-location-packs","8":"product_cat-maps-germany","10":"first","11":"instock","12":"taxable","13":"shipping-taxable","14":"purchasable","15":"product-type-variable"},"jetpack_sharing_enabled":true,"_links":{"self":[{"href":"https:\/\/urbex.direct\/pl\/wp-json\/wp\/v2\/product\/55777","targetHints":{"allow":["GET"]}}],"collection":[{"href":"https:\/\/urbex.direct\/pl\/wp-json\/wp\/v2\/product"}],"about":[{"href":"https:\/\/urbex.direct\/pl\/wp-json\/wp\/v2\/types\/product"}],"wp:featuredmedia":[{"embeddable":true,"href":"https:\/\/urbex.direct\/pl\/wp-json\/wp\/v2\/media\/56794"}],"wp:attachment":[{"href":"https:\/\/urbex.direct\/pl\/wp-json\/wp\/v2\/media?parent=55777"}],"wp:term":[{"taxonomy":"product_brand","embeddable":true,"href":"https:\/\/urbex.direct\/pl\/wp-json\/wp\/v2\/product_brand?post=55777"},{"taxonomy":"product_cat","embeddable":true,"href":"https:\/\/urbex.direct\/pl\/wp-json\/wp\/v2\/product_cat?post=55777"},{"taxonomy":"product_tag","embeddable":true,"href":"https:\/\/urbex.direct\/pl\/wp-json\/wp\/v2\/product_tag?post=55777"}],"curies":[{"name":"wp","href":"https:\/\/api.w.org\/{rel}","templated":true}]}}