{"id":55666,"date":"2024-05-02T22:19:39","date_gmt":"2024-05-02T21:19:39","guid":{"rendered":"https:\/\/urbex.direct\/product\/garage-triumpf\/"},"modified":"2024-11-13T17:43:05","modified_gmt":"2024-11-13T17:43:05","slug":"garaz-triumpf","status":"publish","type":"product","link":"https:\/\/urbex.direct\/pl\/product\/garage-triumpf\/","title":{"rendered":"Gara\u017c Triumpf"},"content":{"rendered":"","protected":false},"excerpt":{"rendered":"<p>Samoch\u00f3d usuni\u0119ty<\/p>","protected":false},"featured_media":55665,"template":"","meta":[],"product_brand":[],"product_cat":[197,201],"product_tag":[44],"class_list":{"0":"post-55666","1":"product","2":"type-product","3":"status-publish","4":"has-post-thumbnail","6":"product_cat-belgium","7":"product_cat-liege","8":"product_tag-geenurbex","10":"first","11":"outofstock","12":"downloadable","13":"taxable","14":"shipping-taxable","15":"purchasable","16":"product-type-simple"},"jetpack_sharing_enabled":true,"_links":{"self":[{"href":"https:\/\/urbex.direct\/pl\/wp-json\/wp\/v2\/product\/55666","targetHints":{"allow":["GET"]}}],"collection":[{"href":"https:\/\/urbex.direct\/pl\/wp-json\/wp\/v2\/product"}],"about":[{"href":"https:\/\/urbex.direct\/pl\/wp-json\/wp\/v2\/types\/product"}],"wp:featuredmedia":[{"embeddable":true,"href":"https:\/\/urbex.direct\/pl\/wp-json\/wp\/v2\/media\/55665"}],"wp:attachment":[{"href":"https:\/\/urbex.direct\/pl\/wp-json\/wp\/v2\/media?parent=55666"}],"wp:term":[{"taxonomy":"product_brand","embeddable":true,"href":"https:\/\/urbex.direct\/pl\/wp-json\/wp\/v2\/product_brand?post=55666"},{"taxonomy":"product_cat","embeddable":true,"href":"https:\/\/urbex.direct\/pl\/wp-json\/wp\/v2\/product_cat?post=55666"},{"taxonomy":"product_tag","embeddable":true,"href":"https:\/\/urbex.direct\/pl\/wp-json\/wp\/v2\/product_tag?post=55666"}],"curies":[{"name":"wp","href":"https:\/\/api.w.org\/{rel}","templated":true}]}}