{"id":54384,"date":"2024-03-12T16:42:19","date_gmt":"2024-03-12T16:42:19","guid":{"rendered":"https:\/\/urbex.direct\/?post_type=product&#038;p=54384"},"modified":"2025-05-21T21:05:07","modified_gmt":"2025-05-21T20:05:07","slug":"mapa-lokalizacji-saksonia-anhalt-niemcy","status":"publish","type":"product","link":"https:\/\/urbex.direct\/pl\/product\/location-map-saxony-anhalt-germany\/","title":{"rendered":"Urbex Mapa Niemcy, Saksonia-Anhalt (dost\u0119p na 1 lub 2 lata)"},"content":{"rendered":"<p>Mapa zawiera nast\u0119puj\u0105ce lokalizacje: <ul><li>Albrechtshaus<\/li><li>Gebaude K<\/li><li>Haus Angelika<\/li><li>Haus Luisengraben<\/li><li>Kirche Z<\/li><li>Kraftwerk Vockerode<\/li><li>Rote Kirche<\/li><li>Mauzoleum Kr\u00f3lewskie \/ Mauzoleum K<\/li><li>Zrujnowany ko\u015bci\u00f3\u0142<\/li><li>Usine St<\/li><li>Villa Idla<\/li><li>Villa Panda<\/li><li>Villa Wonka<\/li><li>Hotel Heinrich Dunker<\/li><li>Schweinehochhaus<\/li><li>Das alte Brauerei<\/li><li>Die Geisterkirche<\/li><li>Kegelbahn Sport Frei<\/li><li>Prison Bande<\/li><\/ul><\/p>","protected":false},"excerpt":{"rendered":"<p>Ta mapa urbex zawiera wszystkie lokalizacje eksploracji miejskiej (urbex) w <strong>Niemcy<\/strong><strong>, <\/strong><strong>Saksonia-Anhalt<\/strong><strong>.<\/strong> <\/p>\n<p>This lost places map will remain updated and accessible for at least 365 days after purchase. This map has currently 19 of the most unique urban exploring locations in Germany, Saxony-Anhalt and is accessible from anywhere with our easy to use map<strong>. <\/p>\n<p><\/strong><strong>Je\u015bli posiadasz ju\u017c ten pakiet, mo\u017cesz uzyska\u0107 do niego dost\u0119p poprzez <a href=\"\/pl\/moje-konto\/obszar-czlonkowski\/43905\/zawartosc-mojego-czlonkostwa\/\">Moje mapy &gt; Widok.<\/a><\/strong> <\/p>\n<p><a href=\"#tab-description\">Lista wszystkich lokalizacji Urbex na tej mapie.<\/a><\/p>","protected":false},"featured_media":54914,"template":"","meta":[],"product_brand":[],"product_cat":[210,322,1229,221],"product_tag":[],"class_list":{"0":"post-54384","1":"product","2":"type-product","3":"status-publish","4":"has-post-thumbnail","6":"product_cat-germany","7":"product_cat-location-packs","8":"product_cat-maps-germany","9":"product_cat-saxony-anhalt","11":"first","12":"instock","13":"taxable","14":"shipping-taxable","15":"purchasable","16":"product-type-variable"},"jetpack_sharing_enabled":true,"_links":{"self":[{"href":"https:\/\/urbex.direct\/pl\/wp-json\/wp\/v2\/product\/54384","targetHints":{"allow":["GET"]}}],"collection":[{"href":"https:\/\/urbex.direct\/pl\/wp-json\/wp\/v2\/product"}],"about":[{"href":"https:\/\/urbex.direct\/pl\/wp-json\/wp\/v2\/types\/product"}],"wp:featuredmedia":[{"embeddable":true,"href":"https:\/\/urbex.direct\/pl\/wp-json\/wp\/v2\/media\/54914"}],"wp:attachment":[{"href":"https:\/\/urbex.direct\/pl\/wp-json\/wp\/v2\/media?parent=54384"}],"wp:term":[{"taxonomy":"product_brand","embeddable":true,"href":"https:\/\/urbex.direct\/pl\/wp-json\/wp\/v2\/product_brand?post=54384"},{"taxonomy":"product_cat","embeddable":true,"href":"https:\/\/urbex.direct\/pl\/wp-json\/wp\/v2\/product_cat?post=54384"},{"taxonomy":"product_tag","embeddable":true,"href":"https:\/\/urbex.direct\/pl\/wp-json\/wp\/v2\/product_tag?post=54384"}],"curies":[{"name":"wp","href":"https:\/\/api.w.org\/{rel}","templated":true}]}}