{"id":54258,"date":"2024-03-18T12:24:19","date_gmt":"2024-03-18T12:24:19","guid":{"rendered":"https:\/\/urbex.direct\/product\/chongryon-school\/"},"modified":"2024-03-11T16:51:30","modified_gmt":"2024-03-11T16:51:30","slug":"szkola-chongryon","status":"publish","type":"product","link":"https:\/\/urbex.direct\/pl\/product\/chongryon-school\/","title":{"rendered":"Szko\u0142a Chongryon"},"content":{"rendered":"<p>Wsp\u00f3\u0142rz\u0119dne Urbex<\/p>","protected":false},"excerpt":{"rendered":"<p>Wsp\u00f3\u0142rz\u0119dne Urbex<\/p>","protected":false},"featured_media":54257,"template":"","meta":[],"product_brand":[],"product_cat":[1357,1351],"product_tag":[],"class_list":{"0":"post-54258","1":"product","2":"type-product","3":"status-publish","4":"has-post-thumbnail","6":"product_cat-chubu-region","7":"product_cat-japan","9":"first","10":"instock","11":"downloadable","12":"taxable","13":"shipping-taxable","14":"purchasable","15":"product-type-simple"},"jetpack_sharing_enabled":true,"_links":{"self":[{"href":"https:\/\/urbex.direct\/pl\/wp-json\/wp\/v2\/product\/54258","targetHints":{"allow":["GET"]}}],"collection":[{"href":"https:\/\/urbex.direct\/pl\/wp-json\/wp\/v2\/product"}],"about":[{"href":"https:\/\/urbex.direct\/pl\/wp-json\/wp\/v2\/types\/product"}],"wp:featuredmedia":[{"embeddable":true,"href":"https:\/\/urbex.direct\/pl\/wp-json\/wp\/v2\/media\/54257"}],"wp:attachment":[{"href":"https:\/\/urbex.direct\/pl\/wp-json\/wp\/v2\/media?parent=54258"}],"wp:term":[{"taxonomy":"product_brand","embeddable":true,"href":"https:\/\/urbex.direct\/pl\/wp-json\/wp\/v2\/product_brand?post=54258"},{"taxonomy":"product_cat","embeddable":true,"href":"https:\/\/urbex.direct\/pl\/wp-json\/wp\/v2\/product_cat?post=54258"},{"taxonomy":"product_tag","embeddable":true,"href":"https:\/\/urbex.direct\/pl\/wp-json\/wp\/v2\/product_tag?post=54258"}],"curies":[{"name":"wp","href":"https:\/\/api.w.org\/{rel}","templated":true}]}}