{"id":53906,"date":"2024-03-04T18:56:44","date_gmt":"2024-03-04T18:56:44","guid":{"rendered":"https:\/\/urbex.direct\/product\/maison-around-the-world\/"},"modified":"2024-02-27T22:16:51","modified_gmt":"2024-02-27T22:16:51","slug":"maison-na-calym-swiecie","status":"publish","type":"product","link":"https:\/\/urbex.direct\/pl\/product\/maison-around-the-world\/","title":{"rendered":"Maison na ca\u0142ym \u015bwiecie"},"content":{"rendered":"<p>Wsp\u00f3\u0142rz\u0119dne Urbex<\/p>","protected":false},"excerpt":{"rendered":"<p>https:\/\/www.youtube.com\/watch?v=TLKuOmrktng<\/p>","protected":false},"featured_media":53905,"template":"","meta":[],"product_brand":[],"product_cat":[293,296],"product_tag":[],"class_list":{"0":"post-53906","1":"product","2":"type-product","3":"status-publish","4":"has-post-thumbnail","6":"product_cat-united-kingdom","7":"product_cat-wales-2","9":"first","10":"instock","11":"downloadable","12":"taxable","13":"shipping-taxable","14":"purchasable","15":"product-type-simple"},"jetpack_sharing_enabled":true,"_links":{"self":[{"href":"https:\/\/urbex.direct\/pl\/wp-json\/wp\/v2\/product\/53906","targetHints":{"allow":["GET"]}}],"collection":[{"href":"https:\/\/urbex.direct\/pl\/wp-json\/wp\/v2\/product"}],"about":[{"href":"https:\/\/urbex.direct\/pl\/wp-json\/wp\/v2\/types\/product"}],"wp:featuredmedia":[{"embeddable":true,"href":"https:\/\/urbex.direct\/pl\/wp-json\/wp\/v2\/media\/53905"}],"wp:attachment":[{"href":"https:\/\/urbex.direct\/pl\/wp-json\/wp\/v2\/media?parent=53906"}],"wp:term":[{"taxonomy":"product_brand","embeddable":true,"href":"https:\/\/urbex.direct\/pl\/wp-json\/wp\/v2\/product_brand?post=53906"},{"taxonomy":"product_cat","embeddable":true,"href":"https:\/\/urbex.direct\/pl\/wp-json\/wp\/v2\/product_cat?post=53906"},{"taxonomy":"product_tag","embeddable":true,"href":"https:\/\/urbex.direct\/pl\/wp-json\/wp\/v2\/product_tag?post=53906"}],"curies":[{"name":"wp","href":"https:\/\/api.w.org\/{rel}","templated":true}]}}