{"id":53900,"date":"2024-03-01T18:50:21","date_gmt":"2024-03-01T18:50:21","guid":{"rendered":"https:\/\/urbex.direct\/product\/the-checkpoint-house\/"},"modified":"2024-02-27T22:16:01","modified_gmt":"2024-02-27T22:16:01","slug":"the-checkpoint-house","status":"publish","type":"product","link":"https:\/\/urbex.direct\/pl\/product\/the-checkpoint-house\/","title":{"rendered":"The Checkpoint House"},"content":{"rendered":"<p>Wsp\u00f3\u0142rz\u0119dne Urbex<\/p>","protected":false},"excerpt":{"rendered":"<p>Wsp\u00f3\u0142rz\u0119dne Urbex<\/p>","protected":false},"featured_media":53899,"template":"","meta":[],"product_brand":[],"product_cat":[293,296],"product_tag":[],"class_list":{"0":"post-53900","1":"product","2":"type-product","3":"status-publish","4":"has-post-thumbnail","6":"product_cat-united-kingdom","7":"product_cat-wales-2","9":"first","10":"instock","11":"downloadable","12":"taxable","13":"shipping-taxable","14":"purchasable","15":"product-type-simple"},"jetpack_sharing_enabled":true,"_links":{"self":[{"href":"https:\/\/urbex.direct\/pl\/wp-json\/wp\/v2\/product\/53900","targetHints":{"allow":["GET"]}}],"collection":[{"href":"https:\/\/urbex.direct\/pl\/wp-json\/wp\/v2\/product"}],"about":[{"href":"https:\/\/urbex.direct\/pl\/wp-json\/wp\/v2\/types\/product"}],"wp:featuredmedia":[{"embeddable":true,"href":"https:\/\/urbex.direct\/pl\/wp-json\/wp\/v2\/media\/53899"}],"wp:attachment":[{"href":"https:\/\/urbex.direct\/pl\/wp-json\/wp\/v2\/media?parent=53900"}],"wp:term":[{"taxonomy":"product_brand","embeddable":true,"href":"https:\/\/urbex.direct\/pl\/wp-json\/wp\/v2\/product_brand?post=53900"},{"taxonomy":"product_cat","embeddable":true,"href":"https:\/\/urbex.direct\/pl\/wp-json\/wp\/v2\/product_cat?post=53900"},{"taxonomy":"product_tag","embeddable":true,"href":"https:\/\/urbex.direct\/pl\/wp-json\/wp\/v2\/product_tag?post=53900"}],"curies":[{"name":"wp","href":"https:\/\/api.w.org\/{rel}","templated":true}]}}