{"id":53852,"date":"2024-03-24T19:21:49","date_gmt":"2024-03-24T19:21:49","guid":{"rendered":"https:\/\/urbex.direct\/product\/chiesa-monte-cavalloro\/"},"modified":"2024-02-26T19:30:50","modified_gmt":"2024-02-26T19:30:50","slug":"chiesa-monte-cavalloro","status":"publish","type":"product","link":"https:\/\/urbex.direct\/pl\/product\/chiesa-monte-cavalloro\/","title":{"rendered":"Chiesa Monte Cavalloro"},"content":{"rendered":"<p>Wsp\u00f3\u0142rz\u0119dne Urbex<\/p>","protected":false},"excerpt":{"rendered":"<p>Wsp\u00f3\u0142rz\u0119dne Urbex<\/p>","protected":false},"featured_media":53851,"template":"","meta":[],"product_brand":[],"product_cat":[244,243],"product_tag":[],"class_list":{"0":"post-53852","1":"product","2":"type-product","3":"status-publish","4":"has-post-thumbnail","6":"product_cat-emilia-romagna-2","7":"product_cat-italy","9":"first","10":"instock","11":"downloadable","12":"taxable","13":"shipping-taxable","14":"purchasable","15":"product-type-simple"},"jetpack_sharing_enabled":true,"_links":{"self":[{"href":"https:\/\/urbex.direct\/pl\/wp-json\/wp\/v2\/product\/53852","targetHints":{"allow":["GET"]}}],"collection":[{"href":"https:\/\/urbex.direct\/pl\/wp-json\/wp\/v2\/product"}],"about":[{"href":"https:\/\/urbex.direct\/pl\/wp-json\/wp\/v2\/types\/product"}],"wp:featuredmedia":[{"embeddable":true,"href":"https:\/\/urbex.direct\/pl\/wp-json\/wp\/v2\/media\/53851"}],"wp:attachment":[{"href":"https:\/\/urbex.direct\/pl\/wp-json\/wp\/v2\/media?parent=53852"}],"wp:term":[{"taxonomy":"product_brand","embeddable":true,"href":"https:\/\/urbex.direct\/pl\/wp-json\/wp\/v2\/product_brand?post=53852"},{"taxonomy":"product_cat","embeddable":true,"href":"https:\/\/urbex.direct\/pl\/wp-json\/wp\/v2\/product_cat?post=53852"},{"taxonomy":"product_tag","embeddable":true,"href":"https:\/\/urbex.direct\/pl\/wp-json\/wp\/v2\/product_tag?post=53852"}],"curies":[{"name":"wp","href":"https:\/\/api.w.org\/{rel}","templated":true}]}}