{"id":53843,"date":"2024-03-20T18:54:21","date_gmt":"2024-03-20T18:54:21","guid":{"rendered":"https:\/\/urbex.direct\/product\/la-villa-della-volpe-casa-della-volpe\/"},"modified":"2024-02-26T19:29:06","modified_gmt":"2024-02-26T19:29:06","slug":"la-villa-della-volpe-casa-della-volpe","status":"publish","type":"product","link":"https:\/\/urbex.direct\/pl\/product\/la-villa-della-volpe-casa-della-volpe\/","title":{"rendered":"La villa della Volpe \/ Casa Della Volpe"},"content":{"rendered":"<p>Wsp\u00f3\u0142rz\u0119dne Urbex<\/p>","protected":false},"excerpt":{"rendered":"<p>https:\/\/www.lorenadurante.it\/2022\/04\/11\/il-villino-della-volpe\/<\/p>","protected":false},"featured_media":53842,"template":"","meta":[],"product_brand":[],"product_cat":[244,243],"product_tag":[],"class_list":{"0":"post-53843","1":"product","2":"type-product","3":"status-publish","4":"has-post-thumbnail","6":"product_cat-emilia-romagna-2","7":"product_cat-italy","9":"first","10":"instock","11":"downloadable","12":"taxable","13":"shipping-taxable","14":"purchasable","15":"product-type-simple"},"jetpack_sharing_enabled":true,"_links":{"self":[{"href":"https:\/\/urbex.direct\/pl\/wp-json\/wp\/v2\/product\/53843","targetHints":{"allow":["GET"]}}],"collection":[{"href":"https:\/\/urbex.direct\/pl\/wp-json\/wp\/v2\/product"}],"about":[{"href":"https:\/\/urbex.direct\/pl\/wp-json\/wp\/v2\/types\/product"}],"wp:featuredmedia":[{"embeddable":true,"href":"https:\/\/urbex.direct\/pl\/wp-json\/wp\/v2\/media\/53842"}],"wp:attachment":[{"href":"https:\/\/urbex.direct\/pl\/wp-json\/wp\/v2\/media?parent=53843"}],"wp:term":[{"taxonomy":"product_brand","embeddable":true,"href":"https:\/\/urbex.direct\/pl\/wp-json\/wp\/v2\/product_brand?post=53843"},{"taxonomy":"product_cat","embeddable":true,"href":"https:\/\/urbex.direct\/pl\/wp-json\/wp\/v2\/product_cat?post=53843"},{"taxonomy":"product_tag","embeddable":true,"href":"https:\/\/urbex.direct\/pl\/wp-json\/wp\/v2\/product_tag?post=53843"}],"curies":[{"name":"wp","href":"https:\/\/api.w.org\/{rel}","templated":true}]}}