{"id":53564,"date":"2024-03-05T17:56:22","date_gmt":"2024-03-05T17:56:22","guid":{"rendered":"https:\/\/urbex.direct\/product\/concessionnaire-automobile\/"},"modified":"2024-02-19T18:02:31","modified_gmt":"2024-02-19T18:02:31","slug":"koncesjonariusz-samochodowy","status":"publish","type":"product","link":"https:\/\/urbex.direct\/pl\/product\/concessionnaire-automobile\/","title":{"rendered":"Koncesjonariusz samochodowy"},"content":{"rendered":"<p>Wsp\u00f3\u0142rz\u0119dne Urbex<\/p>","protected":false},"excerpt":{"rendered":"<p>Wsp\u00f3\u0142rz\u0119dne Urbex<\/p>","protected":false},"featured_media":53563,"template":"","meta":[],"product_brand":[],"product_cat":[1082,226,235],"product_tag":[],"class_list":{"0":"post-53564","1":"product","2":"type-product","3":"status-publish","4":"has-post-thumbnail","6":"product_cat-charente-maritime-17","7":"product_cat-france","8":"product_cat-nouvelle-aquitaine","10":"first","11":"instock","12":"downloadable","13":"taxable","14":"shipping-taxable","15":"purchasable","16":"product-type-simple"},"jetpack_sharing_enabled":true,"_links":{"self":[{"href":"https:\/\/urbex.direct\/pl\/wp-json\/wp\/v2\/product\/53564","targetHints":{"allow":["GET"]}}],"collection":[{"href":"https:\/\/urbex.direct\/pl\/wp-json\/wp\/v2\/product"}],"about":[{"href":"https:\/\/urbex.direct\/pl\/wp-json\/wp\/v2\/types\/product"}],"wp:featuredmedia":[{"embeddable":true,"href":"https:\/\/urbex.direct\/pl\/wp-json\/wp\/v2\/media\/53563"}],"wp:attachment":[{"href":"https:\/\/urbex.direct\/pl\/wp-json\/wp\/v2\/media?parent=53564"}],"wp:term":[{"taxonomy":"product_brand","embeddable":true,"href":"https:\/\/urbex.direct\/pl\/wp-json\/wp\/v2\/product_brand?post=53564"},{"taxonomy":"product_cat","embeddable":true,"href":"https:\/\/urbex.direct\/pl\/wp-json\/wp\/v2\/product_cat?post=53564"},{"taxonomy":"product_tag","embeddable":true,"href":"https:\/\/urbex.direct\/pl\/wp-json\/wp\/v2\/product_tag?post=53564"}],"curies":[{"name":"wp","href":"https:\/\/api.w.org\/{rel}","templated":true}]}}