{"id":53179,"date":"2024-02-07T08:22:32","date_gmt":"2024-02-07T08:22:32","guid":{"rendered":"https:\/\/urbex.direct\/?post_type=product&#038;p=53179"},"modified":"2026-01-18T10:42:37","modified_gmt":"2026-01-18T10:42:37","slug":"maginot-bunkers-lifetime","status":"publish","type":"product","link":"https:\/\/urbex.direct\/pl\/product\/maginot-bunkers-lifetime\/","title":{"rendered":"Bunkry Maginot (do\u017cywotnio)"},"content":{"rendered":"","protected":false},"excerpt":{"rendered":"<p>Odkryj sekrety Linii Maginota z nasz\u0105 unikaln\u0105 map\u0105 Urbex. Ta starannie opracowana mapa ujawnia lokalizacje bunkr\u00f3w Maginota w p\u00f3\u0142nocnej Francji, kt\u00f3re zosta\u0142y dok\u0142adnie zbadane przez naszych ekspert\u00f3w, aby zapewni\u0107 Ci autentyczne do\u015bwiadczenie urbex. Historia i wej\u015bcia do kilku bunkr\u00f3w s\u0105 nawet oznaczone.<\/p>\n<p><strong>Mapa zawiera 103 aktywne lokalizacje.<\/strong><\/p>","protected":false},"featured_media":53425,"template":"","meta":[],"product_brand":[],"product_cat":[226,231,1135,1341],"product_tag":[834,153],"class_list":{"0":"post-53179","1":"product","2":"type-product","3":"status-publish","4":"has-post-thumbnail","6":"product_cat-france","7":"product_cat-grand-est","8":"product_cat-maps-france","9":"product_cat-maps-grand-est","10":"product_tag-excellence","11":"product_tag-recommended","13":"first","14":"instock","15":"virtual","16":"taxable","17":"purchasable","18":"product-type-simple"},"jetpack_sharing_enabled":true,"_links":{"self":[{"href":"https:\/\/urbex.direct\/pl\/wp-json\/wp\/v2\/product\/53179","targetHints":{"allow":["GET"]}}],"collection":[{"href":"https:\/\/urbex.direct\/pl\/wp-json\/wp\/v2\/product"}],"about":[{"href":"https:\/\/urbex.direct\/pl\/wp-json\/wp\/v2\/types\/product"}],"wp:featuredmedia":[{"embeddable":true,"href":"https:\/\/urbex.direct\/pl\/wp-json\/wp\/v2\/media\/53425"}],"wp:attachment":[{"href":"https:\/\/urbex.direct\/pl\/wp-json\/wp\/v2\/media?parent=53179"}],"wp:term":[{"taxonomy":"product_brand","embeddable":true,"href":"https:\/\/urbex.direct\/pl\/wp-json\/wp\/v2\/product_brand?post=53179"},{"taxonomy":"product_cat","embeddable":true,"href":"https:\/\/urbex.direct\/pl\/wp-json\/wp\/v2\/product_cat?post=53179"},{"taxonomy":"product_tag","embeddable":true,"href":"https:\/\/urbex.direct\/pl\/wp-json\/wp\/v2\/product_tag?post=53179"}],"curies":[{"name":"wp","href":"https:\/\/api.w.org\/{rel}","templated":true}]}}