{"id":53134,"date":"2024-02-05T17:31:06","date_gmt":"2024-02-05T17:31:06","guid":{"rendered":"https:\/\/urbex.direct\/?post_type=product&#038;p=53134"},"modified":"2024-06-20T08:59:47","modified_gmt":"2024-06-20T07:59:47","slug":"mapa-lokalizacji-landes-40-francja","status":"publish","type":"product","link":"https:\/\/urbex.direct\/pl\/product\/location-map-landes-40-france\/","title":{"rendered":"Urbex Map France, Nouvelle-Aquitaine: Landes (40) (roczny dost\u0119p)"},"content":{"rendered":"<p>Mapa zawiera nast\u0119puj\u0105ce lokalizacje:<\/p>\n\n\n\n<ul><li>Maison du Trappeur<\/li><li>Ch\u00e2teau Peter Dupas<\/li><li>Ch\u00e2teau de l'Empereur<\/li><li>Chateau Gordon Hay<\/li><li>Maison Lugubre<\/li><li>Sportissima<\/li><li>Centre de Vacance<\/li><li>Manoir Astronome<\/li><li>Maison Minimoys<\/li><li>Maison Raymond<\/li><\/ul>","protected":false},"excerpt":{"rendered":"<p>Ta mapa urbex zawiera wszystkie lokalizacje eksploracji miejskiej (urbex) w<strong> Francja, Nouvelle-Aquitaine: Landes (40).<\/strong> Ta mapa zagubionych miejsc b\u0119dzie aktualizowana i dost\u0119pna przez co najmniej 365 dni od zakupu.<\/p>\n<p>Ta mapa zawiera obecnie 10 najbardziej wyj\u0105tkowych miejsc do zwiedzania we Francji, Nouvelle-Aquitaine: Landes (40) i jest dost\u0119pna z dowolnego miejsca dzi\u0119ki naszej \u0142atwej w u\u017cyciu mapie<strong>.<\/p>\n<p><\/strong><strong>Je\u015bli posiadasz ju\u017c ten pakiet, mo\u017cesz uzyska\u0107 do niego dost\u0119p poprzez <a href=\"\/pl\/moje-konto\/obszar-czlonkowski\/43905\/zawartosc-mojego-czlonkostwa\/\">Moje mapy &gt; Widok.<\/a><\/strong><strong><\/p>\n<p><\/strong><a href=\"#tab-description\">Lista wszystkich lokalizacji Urbex na tej mapie.<\/a><\/p>","protected":false},"featured_media":53148,"template":"","meta":[],"product_brand":[],"product_cat":[226,322,1135,1349,235],"product_tag":[],"class_list":{"0":"post-53134","1":"product","2":"type-product","3":"status-publish","4":"has-post-thumbnail","6":"product_cat-france","7":"product_cat-location-packs","8":"product_cat-maps-france","9":"product_cat-maps-nouvelle-aquitaine","10":"product_cat-nouvelle-aquitaine","12":"first","13":"instock","14":"virtual","15":"taxable","16":"purchasable","17":"product-type-simple"},"jetpack_sharing_enabled":true,"_links":{"self":[{"href":"https:\/\/urbex.direct\/pl\/wp-json\/wp\/v2\/product\/53134","targetHints":{"allow":["GET"]}}],"collection":[{"href":"https:\/\/urbex.direct\/pl\/wp-json\/wp\/v2\/product"}],"about":[{"href":"https:\/\/urbex.direct\/pl\/wp-json\/wp\/v2\/types\/product"}],"wp:featuredmedia":[{"embeddable":true,"href":"https:\/\/urbex.direct\/pl\/wp-json\/wp\/v2\/media\/53148"}],"wp:attachment":[{"href":"https:\/\/urbex.direct\/pl\/wp-json\/wp\/v2\/media?parent=53134"}],"wp:term":[{"taxonomy":"product_brand","embeddable":true,"href":"https:\/\/urbex.direct\/pl\/wp-json\/wp\/v2\/product_brand?post=53134"},{"taxonomy":"product_cat","embeddable":true,"href":"https:\/\/urbex.direct\/pl\/wp-json\/wp\/v2\/product_cat?post=53134"},{"taxonomy":"product_tag","embeddable":true,"href":"https:\/\/urbex.direct\/pl\/wp-json\/wp\/v2\/product_tag?post=53134"}],"curies":[{"name":"wp","href":"https:\/\/api.w.org\/{rel}","templated":true}]}}