{"id":53051,"date":"2024-02-24T12:40:49","date_gmt":"2024-02-24T12:40:49","guid":{"rendered":"https:\/\/urbex.direct\/product\/maison-sour\/"},"modified":"2024-02-04T17:01:28","modified_gmt":"2024-02-04T17:01:28","slug":"maison-sour","status":"publish","type":"product","link":"https:\/\/urbex.direct\/pl\/product\/maison-sour\/","title":{"rendered":"Maison Sour"},"content":{"rendered":"<p>Wsp\u00f3\u0142rz\u0119dne Urbex<\/p>","protected":false},"excerpt":{"rendered":"<p>Wsp\u00f3\u0142rz\u0119dne Urbex<\/p>","protected":false},"featured_media":53050,"template":"","meta":[],"product_brand":[],"product_cat":[228,226,1013],"product_tag":[],"class_list":{"0":"post-53051","1":"product","2":"type-product","3":"status-publish","4":"has-post-thumbnail","6":"product_cat-bourgogne-franche-comte","7":"product_cat-france","8":"product_cat-nievre-58","10":"first","11":"instock","12":"downloadable","13":"taxable","14":"shipping-taxable","15":"purchasable","16":"product-type-simple"},"jetpack_sharing_enabled":true,"_links":{"self":[{"href":"https:\/\/urbex.direct\/pl\/wp-json\/wp\/v2\/product\/53051","targetHints":{"allow":["GET"]}}],"collection":[{"href":"https:\/\/urbex.direct\/pl\/wp-json\/wp\/v2\/product"}],"about":[{"href":"https:\/\/urbex.direct\/pl\/wp-json\/wp\/v2\/types\/product"}],"wp:featuredmedia":[{"embeddable":true,"href":"https:\/\/urbex.direct\/pl\/wp-json\/wp\/v2\/media\/53050"}],"wp:attachment":[{"href":"https:\/\/urbex.direct\/pl\/wp-json\/wp\/v2\/media?parent=53051"}],"wp:term":[{"taxonomy":"product_brand","embeddable":true,"href":"https:\/\/urbex.direct\/pl\/wp-json\/wp\/v2\/product_brand?post=53051"},{"taxonomy":"product_cat","embeddable":true,"href":"https:\/\/urbex.direct\/pl\/wp-json\/wp\/v2\/product_cat?post=53051"},{"taxonomy":"product_tag","embeddable":true,"href":"https:\/\/urbex.direct\/pl\/wp-json\/wp\/v2\/product_tag?post=53051"}],"curies":[{"name":"wp","href":"https:\/\/api.w.org\/{rel}","templated":true}]}}