{"id":52590,"date":"2024-01-21T17:38:14","date_gmt":"2024-01-21T17:38:14","guid":{"rendered":"https:\/\/urbex.direct\/?post_type=product&#038;p=52590"},"modified":"2024-06-20T08:55:24","modified_gmt":"2024-06-20T07:55:24","slug":"mapa-lokalizacji-calvados-14-francja","status":"publish","type":"product","link":"https:\/\/urbex.direct\/pl\/product\/location-map-calvados-14-france\/","title":{"rendered":"Urbex Mapa Francja, Normandia: Calvados (14) (roczny dost\u0119p)"},"content":{"rendered":"<p>Mapa zawiera nast\u0119puj\u0105ce lokalizacje:<\/p>\n\n\n\n<ul><li>Manoir Dalida<\/li><li>Usine Mathis<\/li><li>Chateau Eva &amp; Co<\/li><li>Chapelle des Pilotes<\/li><li>Hopitall Plaza<\/li><li>Ancien Cimeti\u00e8re<\/li><li>Ch\u00e2teau du Cur\u00e9<\/li><li>Manoir du Nomade \/ Maison Foresti\u00e8re<\/li><li>Manoir Franc ma\u00e7on<\/li><li>Maison Cat<\/li><li>Ferme effondr\u00e9e<\/li><li>Maison Cadran \/ Maison vieille cuisini\u00e8re<\/li><li>Manoir Nazi<\/li><li>Usine Fromage Maxi<\/li><li>Manoir Cardhu Manoir Cardhu<\/li><li>Maison Meslin<\/li><li>Maison des Duckers<\/li><li>Maison Canop\u00e9e verte<\/li><li>Tajny warsztat<\/li><li>La d\u00e9saffect\u00e9e eglise<\/li><li>Usine Ornaise<\/li><li>Chateau Trop Vert<\/li><li>Le Maison Ronces<\/li><li>Maison Brique Rouge<\/li><li>Usine Oedipus<\/li><li>Usine Dynamite<\/li><li>Les belles ruines de l&#039;\u00e9glise<\/li><li>Usine FP<\/li><li>Fabryka Krasnolud\u00f3w<\/li><li>Maison Coss \/ Maison Lamia<\/li><li>Eglise du Rouge Monde<\/li><li>Kopalnia Erebor<\/li><li>Maison la Vache<\/li><li>Maison des Livres Calvados<\/li><li>Manoir Tong<\/li><li>\u017bycie w gospodarstwie<\/li><li>Towel Farm<\/li><li>Dom z kolumnami<\/li><li>Ferme avec portail rouge<\/li><\/ul>","protected":false},"excerpt":{"rendered":"<p>Ta mapa urbex zawiera wszystkie lokalizacje eksploracji miejskiej (urbex) w<strong> Francja, <\/strong><strong>Normandia<\/strong><strong>: Calvados (14).<\/strong> Ta mapa zagubionych miejsc b\u0119dzie aktualizowana i dost\u0119pna przez co najmniej 365 dni od zakupu.<\/p>\n<p>This map has currently 39 of the most unique urban exploring locations in France, Normandy: Calvados (14) and is accessible from anywhere with our easy to use map<strong>.<\/p>\n<p><\/strong><strong>Je\u015bli posiadasz ju\u017c ten pakiet, mo\u017cesz uzyska\u0107 do niego dost\u0119p poprzez <a href=\"\/pl\/moje-konto\/obszar-czlonkowski\/43905\/zawartosc-mojego-czlonkostwa\/\">Moje mapy &gt; Widok.<\/a><\/strong><strong><\/p>\n<p><\/strong><a href=\"#tab-description\">Lista wszystkich lokalizacji Urbex na tej mapie.<\/a><\/p>","protected":false},"featured_media":52607,"template":"","meta":[],"product_brand":[],"product_cat":[1068,226,322,1135,1344,234],"product_tag":[],"class_list":{"0":"post-52590","1":"product","2":"type-product","3":"status-publish","4":"has-post-thumbnail","6":"product_cat-calvados-14","7":"product_cat-france","8":"product_cat-location-packs","9":"product_cat-maps-france","10":"product_cat-maps-normandie","11":"product_cat-normandie","13":"first","14":"instock","15":"virtual","16":"taxable","17":"purchasable","18":"product-type-simple"},"jetpack_sharing_enabled":true,"_links":{"self":[{"href":"https:\/\/urbex.direct\/pl\/wp-json\/wp\/v2\/product\/52590","targetHints":{"allow":["GET"]}}],"collection":[{"href":"https:\/\/urbex.direct\/pl\/wp-json\/wp\/v2\/product"}],"about":[{"href":"https:\/\/urbex.direct\/pl\/wp-json\/wp\/v2\/types\/product"}],"wp:featuredmedia":[{"embeddable":true,"href":"https:\/\/urbex.direct\/pl\/wp-json\/wp\/v2\/media\/52607"}],"wp:attachment":[{"href":"https:\/\/urbex.direct\/pl\/wp-json\/wp\/v2\/media?parent=52590"}],"wp:term":[{"taxonomy":"product_brand","embeddable":true,"href":"https:\/\/urbex.direct\/pl\/wp-json\/wp\/v2\/product_brand?post=52590"},{"taxonomy":"product_cat","embeddable":true,"href":"https:\/\/urbex.direct\/pl\/wp-json\/wp\/v2\/product_cat?post=52590"},{"taxonomy":"product_tag","embeddable":true,"href":"https:\/\/urbex.direct\/pl\/wp-json\/wp\/v2\/product_tag?post=52590"}],"curies":[{"name":"wp","href":"https:\/\/api.w.org\/{rel}","templated":true}]}}