{"id":52574,"date":"2024-02-08T16:59:53","date_gmt":"2024-02-08T16:59:53","guid":{"rendered":"https:\/\/urbex.direct\/product\/maison-ginger\/"},"modified":"2024-01-22T20:38:19","modified_gmt":"2024-01-22T20:38:19","slug":"maison-ginger","status":"publish","type":"product","link":"https:\/\/urbex.direct\/pl\/product\/maison-ginger\/","title":{"rendered":"Maison Ginger"},"content":{"rendered":"<p>Wsp\u00f3\u0142rz\u0119dne Urbex<\/p>","protected":false},"excerpt":{"rendered":"<p>Wsp\u00f3\u0142rz\u0119dne Urbex<\/p>","protected":false},"featured_media":52573,"template":"","meta":[],"product_brand":[],"product_cat":[1071,226,234],"product_tag":[],"class_list":{"0":"post-52574","1":"product","2":"type-product","3":"status-publish","4":"has-post-thumbnail","6":"product_cat-eure-27","7":"product_cat-france","8":"product_cat-normandie","10":"first","11":"instock","12":"downloadable","13":"taxable","14":"shipping-taxable","15":"purchasable","16":"product-type-simple"},"jetpack_sharing_enabled":true,"_links":{"self":[{"href":"https:\/\/urbex.direct\/pl\/wp-json\/wp\/v2\/product\/52574","targetHints":{"allow":["GET"]}}],"collection":[{"href":"https:\/\/urbex.direct\/pl\/wp-json\/wp\/v2\/product"}],"about":[{"href":"https:\/\/urbex.direct\/pl\/wp-json\/wp\/v2\/types\/product"}],"wp:featuredmedia":[{"embeddable":true,"href":"https:\/\/urbex.direct\/pl\/wp-json\/wp\/v2\/media\/52573"}],"wp:attachment":[{"href":"https:\/\/urbex.direct\/pl\/wp-json\/wp\/v2\/media?parent=52574"}],"wp:term":[{"taxonomy":"product_brand","embeddable":true,"href":"https:\/\/urbex.direct\/pl\/wp-json\/wp\/v2\/product_brand?post=52574"},{"taxonomy":"product_cat","embeddable":true,"href":"https:\/\/urbex.direct\/pl\/wp-json\/wp\/v2\/product_cat?post=52574"},{"taxonomy":"product_tag","embeddable":true,"href":"https:\/\/urbex.direct\/pl\/wp-json\/wp\/v2\/product_tag?post=52574"}],"curies":[{"name":"wp","href":"https:\/\/api.w.org\/{rel}","templated":true}]}}