{"id":52572,"date":"2024-02-07T16:54:23","date_gmt":"2024-02-07T16:54:23","guid":{"rendered":"https:\/\/urbex.direct\/product\/maison-firedamage\/"},"modified":"2024-01-22T20:38:04","modified_gmt":"2024-01-22T20:38:04","slug":"maison-firedamage","status":"publish","type":"product","link":"https:\/\/urbex.direct\/pl\/product\/maison-firedamage\/","title":{"rendered":"Maison Firedamage"},"content":{"rendered":"<p>Wsp\u00f3\u0142rz\u0119dne Urbex<\/p>","protected":false},"excerpt":{"rendered":"<p>Wsp\u00f3\u0142rz\u0119dne Urbex<\/p>","protected":false},"featured_media":52571,"template":"","meta":[],"product_brand":[],"product_cat":[1071,226,234],"product_tag":[],"class_list":{"0":"post-52572","1":"product","2":"type-product","3":"status-publish","4":"has-post-thumbnail","6":"product_cat-eure-27","7":"product_cat-france","8":"product_cat-normandie","10":"first","11":"instock","12":"downloadable","13":"taxable","14":"shipping-taxable","15":"purchasable","16":"product-type-simple"},"jetpack_sharing_enabled":true,"_links":{"self":[{"href":"https:\/\/urbex.direct\/pl\/wp-json\/wp\/v2\/product\/52572","targetHints":{"allow":["GET"]}}],"collection":[{"href":"https:\/\/urbex.direct\/pl\/wp-json\/wp\/v2\/product"}],"about":[{"href":"https:\/\/urbex.direct\/pl\/wp-json\/wp\/v2\/types\/product"}],"wp:featuredmedia":[{"embeddable":true,"href":"https:\/\/urbex.direct\/pl\/wp-json\/wp\/v2\/media\/52571"}],"wp:attachment":[{"href":"https:\/\/urbex.direct\/pl\/wp-json\/wp\/v2\/media?parent=52572"}],"wp:term":[{"taxonomy":"product_brand","embeddable":true,"href":"https:\/\/urbex.direct\/pl\/wp-json\/wp\/v2\/product_brand?post=52572"},{"taxonomy":"product_cat","embeddable":true,"href":"https:\/\/urbex.direct\/pl\/wp-json\/wp\/v2\/product_cat?post=52572"},{"taxonomy":"product_tag","embeddable":true,"href":"https:\/\/urbex.direct\/pl\/wp-json\/wp\/v2\/product_tag?post=52572"}],"curies":[{"name":"wp","href":"https:\/\/api.w.org\/{rel}","templated":true}]}}