{"id":52532,"date":"2024-02-05T15:43:30","date_gmt":"2024-02-05T15:43:30","guid":{"rendered":"https:\/\/urbex.direct\/product\/les-belles-ruines-de-leglise\/"},"modified":"2024-01-21T20:09:31","modified_gmt":"2024-01-21T20:09:31","slug":"les-belles-ruines-de-leglise","status":"publish","type":"product","link":"https:\/\/urbex.direct\/pl\/product\/les-belles-ruines-de-leglise\/","title":{"rendered":"Pi\u0119kne ruiny ko\u015bcio\u0142a"},"content":{"rendered":"<p>Wsp\u00f3\u0142rz\u0119dne Urbex<\/p>","protected":false},"excerpt":{"rendered":"<p>Wsp\u00f3\u0142rz\u0119dne Urbex<\/p>","protected":false},"featured_media":52531,"template":"","meta":[],"product_brand":[],"product_cat":[1068,226,234],"product_tag":[],"class_list":{"0":"post-52532","1":"product","2":"type-product","3":"status-publish","4":"has-post-thumbnail","6":"product_cat-calvados-14","7":"product_cat-france","8":"product_cat-normandie","10":"first","11":"instock","12":"downloadable","13":"taxable","14":"shipping-taxable","15":"purchasable","16":"product-type-simple"},"jetpack_sharing_enabled":true,"_links":{"self":[{"href":"https:\/\/urbex.direct\/pl\/wp-json\/wp\/v2\/product\/52532","targetHints":{"allow":["GET"]}}],"collection":[{"href":"https:\/\/urbex.direct\/pl\/wp-json\/wp\/v2\/product"}],"about":[{"href":"https:\/\/urbex.direct\/pl\/wp-json\/wp\/v2\/types\/product"}],"wp:featuredmedia":[{"embeddable":true,"href":"https:\/\/urbex.direct\/pl\/wp-json\/wp\/v2\/media\/52531"}],"wp:attachment":[{"href":"https:\/\/urbex.direct\/pl\/wp-json\/wp\/v2\/media?parent=52532"}],"wp:term":[{"taxonomy":"product_brand","embeddable":true,"href":"https:\/\/urbex.direct\/pl\/wp-json\/wp\/v2\/product_brand?post=52532"},{"taxonomy":"product_cat","embeddable":true,"href":"https:\/\/urbex.direct\/pl\/wp-json\/wp\/v2\/product_cat?post=52532"},{"taxonomy":"product_tag","embeddable":true,"href":"https:\/\/urbex.direct\/pl\/wp-json\/wp\/v2\/product_tag?post=52532"}],"curies":[{"name":"wp","href":"https:\/\/api.w.org\/{rel}","templated":true}]}}